{"id":481,"date":"2019-09-13T14:57:37","date_gmt":"2019-09-13T12:57:37","guid":{"rendered":"http:\/\/l2fa.fr\/?page_id=481"},"modified":"2023-01-20T15:29:49","modified_gmt":"2023-01-20T14:29:49","slug":"d2-22-23","status":"publish","type":"page","link":"https:\/\/l2fa.fr\/index.php\/d2-22-23\/","title":{"rendered":"Division 2 22\/23"},"content":{"rendered":"\n<div style=\"height:100px\" aria-hidden=\"true\" class=\"wp-block-spacer\"><\/div>\n\n\n\n<h1 class=\"has-text-align-center wp-block-heading\" id=\"calendrier\">Calendrier<\/h1>\n\n\n\n<p><\/p>\n\n\n\n<h1 class=\"has-text-align-center wp-block-heading\" id=\"journee-1\">Journ\u00e9e 1<\/h1>\n\n\n\n<p><strong>Samedi 25 F\u00e9vrier 2023<\/strong><br>Poule 1 \u00e0 St Ouen l&rsquo;Aumone (Cougars) &#8211; ?h<br><br>Cougars vs Lycans:<br>Cougars vs Molosses B:<br>Cougars vs Phoenix\/Krakens:<br>Lycans vs Molosses B:<br>Lycans vs Phoenix\/Krakens:<br>Molosses B vs Phoenix\/Krakens:<\/p>\n\n\n\n<p>Classement: 1. 2. 3. 4.<\/p>\n\n\n\n<p><strong><strong>Dimanche 26 F\u00e9vrier 2023<\/strong><br><\/strong>Poule 2 \u00e0 Troyes (Pygargues) &#8211; ?h <\/p>\n\n\n\n<p>Pygargues vs Chevaliers:<br>Pygargues  vs Dragons:<br>Pygargues  vs Juggernautes B:<br>Chevaliers vs Dragons:<br>Chevaliers vs Juggernautes B:<br>Dragons vs Juggernautes:<\/p>\n\n\n\n<p>Classement: 1. 2. 3. 4. <\/p>\n\n\n\n<p><strong>Dimanche 26 F\u00e9vrier 2023<\/strong><br>Poule 3 \u00e0 Val d&rsquo;Europe (Spiders) &#8211; ?h<\/p>\n\n\n\n<p>Spiders vs Diables Rouges:<br>Spiders vs Flash B:<br>Spiders vs Nighthawks:<br>Diables Rouges vs Flash B:<br>Diables Rouges vs Nighthawks:<br>Flash B vs Nighthawks<\/p>\n\n\n\n<p>Classement: 1. 2. 3. 4. <\/p>\n\n\n\n<div style=\"height:100px\" aria-hidden=\"true\" class=\"wp-block-spacer\"><\/div>\n\n\n\n<h2 class=\"has-text-align-center wp-block-heading\" id=\"journee-2\">Journ\u00e9e 2<\/h2>\n\n\n\n<p><strong>Dimanche 12 Mars 2023<\/strong><br>Poule 1 \u00e0 Orl\u00e9ans (Chevaliers) &#8211; ?h<br><br>Chevaliers vs :<br>Chevaliers vs :<br>Chevalierss vs :<\/p>\n\n\n\n<p>Classement: 1. 2. 3. 4.<\/p>\n\n\n\n<p><strong>Dimanche 12 Mars 2023<\/strong><br>Poule 2 \u00e0 Val d&rsquo;Europe (Spiders) &#8211; ?h <\/p>\n\n\n\n<p>Spiders vs :<br>Spiders vs :<br>Spiders vs :<\/p>\n\n\n\n<p>Classement: 1. 2. 3. 4.<\/p>\n\n\n\n<p><strong><strong>Weekend du 11\/12 Mars 202<\/strong>3<\/strong><br>Poule 3 \u00e0 ? (?) &#8211; ?h<\/p>\n\n\n\n<p><\/p>\n\n\n\n<p>Classement: 1. 2. 3. 4.<\/p>\n\n\n\n<div style=\"height:100px\" aria-hidden=\"true\" class=\"wp-block-spacer\"><\/div>\n\n\n\n<h2 class=\"has-text-align-center wp-block-heading\" id=\"journee-2\">Journ\u00e9e 3<\/h2>\n\n\n\n<p><strong><strong><strong>Dimanche 27 Mars 2022<\/strong><\/strong><\/strong><br>Poule 1 \u00e0 ? (Phoenix\/Krakens) &#8211; h<br><br>Phoenix\/Krakens vs Chevaliers:<br>Phoenix\/Krakens vs Diables Rouges:<br>Phoenix\/Krakens vs Juggernautes B:<br>Chevaliers vs Diables Rouges:<br>Chevaliers vs Juggernautes B:<br>Diables Rouges vs Juggernautes B:<\/p>\n\n\n\n<p>Classement: 1. 2. 3. 4. <\/p>\n\n\n\n<p><strong><strong><strong>Samedi 25 Mars 2023<\/strong><\/strong><\/strong><br>Poule 2 \u00e0 La Courneuve (Flash B) &#8211; 10h <\/p>\n\n\n\n<p>Flash B vs Cougars:<br>Flash B vs Dragons:<br>Flash B vs Lycans:<br>Cougars vs Dragons:<br>Cougars vs Lycans:<br>Dragons vs Lycans:<\/p>\n\n\n\n<p>Classement: 1. 2. 3. 4. 5. <\/p>\n\n\n\n<p><strong><strong><strong><strong>Dimanche 26 Mars 2023<\/strong><\/strong><\/strong><\/strong><br>Poule 3 \u00e0 Troyes (Pygargues) &#8211; h<\/p>\n\n\n\n<p>Pygargues vs Molosses B:<br>Pygargues vs Nighthawks:<br>Pygargues vs Spiders:<br>Molosses B vs Nighthawks:<br>Molosses B vs Spiders:<br>Nighthawks vs Spiders:<\/p>\n\n\n\n<p>Classement: 1. 2. 3. 4. <\/p>\n\n\n\n<div style=\"height:100px\" aria-hidden=\"true\" class=\"wp-block-spacer\"><\/div>\n\n\n\n<h2 class=\"has-text-align-center wp-block-heading\" id=\"journee-2\">Journ\u00e9e 4<\/h2>\n\n\n\n<p><strong><strong><strong>Weekend du 08\/09 Avril 2023<\/strong><\/strong><\/strong><br>Poule 1 \u00e0 Troyes (Pygargues) &#8211; h<br><br>Pygargues vs :<br>Pygargues vs :<br>Pygargues vs :<\/p>\n\n\n\n<p>Classement: 1. 2. 3. 4.<\/p>\n\n\n\n<p><strong><strong><strong>Dimanche 09 Avril 2023<\/strong><\/strong><\/strong><br>Poule 2 \u00e0 Val d&rsquo;Europe (Spiders) &#8211; h <\/p>\n\n\n\n<p>Spiders vs :<br>Spiders vs :<br>Spiders vs :<\/p>\n\n\n\n<p>Classement: 1. 2. 3. 4.<\/p>\n\n\n\n<p><strong><strong><strong><strong>Weekend du 08\/09 Avril 2023<\/strong><\/strong><\/strong><\/strong><br>Poule 3 \u00e0  () &#8211; h<\/p>\n\n\n\n<p>Classement: 1. 2. 3. 4. <\/p>\n\n\n\n<div style=\"height:100px\" aria-hidden=\"true\" class=\"wp-block-spacer\"><\/div>\n\n\n\n<h2 class=\"has-text-align-center wp-block-heading\">Journ\u00e9e 5<\/h2>\n\n\n\n<p> <p><strong><strong><strong>Weekend du 22\/23 Avril 2023<\/strong><\/strong><\/strong><br>Poule 1 \u00e0 Troyes (Pygargues) &#8211; h<\/p><\/p>\n\n\n\n<p>Pygargues vs Diables Rouges:<br>Pygargues vs Flash B:<br>Pygargues vs Phoenix\/Krakens:<br>Diables Rouges vs Flash B:<br>Diables Rouges vs Phoenix\/Krakens:<br>Flash B vs Phoenix\/Krakens<\/p>\n\n\n\n<p>Classement: 1. 2. 3. 4.<\/p>\n\n\n\n<p> <p><strong><strong><strong>Weekend du 22\/23 Avril 2023<\/strong><\/strong><\/strong><br>Poule 1 \u00e0 Paris (Dragons) &#8211; h<\/p><\/p>\n\n\n\n<p>Dragons vs Molosses B:<br>Dragons vs Nighthawks:<br>Dragons vs Spiders:<br>Molosses B vs Nighthawks:<br>Molosses B vs Spiders:<br>Nighthawks vs Spiders:<\/p>\n\n\n\n<p>Classement: 1. 2. 3. 4.<\/p>\n\n\n\n<p><\/p>\n\n\n\n<p><p><strong><strong><strong>Weekend du 22\/23 Avril 2023<\/strong><\/strong><\/strong><br>Poule 3 \u00e0 Orl\u00e9ans (Chevaliers) &#8211; h<\/p><\/p>\n\n\n\n<p>Chevaliers vs Cougars:<br>Chevaliers vs Juggernautes B:<br>Chevaliers vs Lycans:<br>Cougars vs Juggernautes B:<br>Cougars vs Lycans:<br>Juggernautes B vs Lycans:<\/p>\n\n\n\n<p>Classement: 1. 2. 3. 4.<\/p>\n\n\n\n<p> <\/p>\n","protected":false},"excerpt":{"rendered":"<p>Calendrier Journ\u00e9e 1 Samedi 25 F\u00e9vrier 2023Poule 1 \u00e0 St Ouen l&rsquo;Aumone (Cougars) &#8211; ?h Cougars vs Lycans:Cougars vs Molosses B:Cougars vs Phoenix\/Krakens:Lycans vs Molosses B:Lycans vs Phoenix\/Krakens:Molosses B vs Phoenix\/Krakens: Classement: 1. 2. 3. 4. Dimanche 26 F\u00e9vrier 2023Poule 2 \u00e0 Troyes (Pygargues) &#8211; ?h Pygargues vs Chevaliers:Pygargues vs Dragons:Pygargues vs Juggernautes B:Chevaliers vs [&hellip;]<\/p>\n","protected":false},"author":1,"featured_media":0,"parent":0,"menu_order":0,"comment_status":"closed","ping_status":"closed","template":"","meta":{"footnotes":""},"yoast_head":"<!-- This site is optimized with the Yoast SEO plugin v20.1 - https:\/\/yoast.com\/wordpress\/plugins\/seo\/ -->\n<title>Division 2 22\/23 &mdash; LFFA<\/title>\n<meta name=\"robots\" content=\"index, follow, max-snippet:-1, max-image-preview:large, max-video-preview:-1\" \/>\n<link rel=\"canonical\" href=\"http:\/\/l2fa.fr\/index.php\/d2-22-23\/\" \/>\n<meta property=\"og:locale\" content=\"fr_FR\" \/>\n<meta property=\"og:type\" content=\"article\" \/>\n<meta property=\"og:title\" content=\"Division 2 22\/23 &mdash; LFFA\" \/>\n<meta property=\"og:description\" content=\"Calendrier Journ\u00e9e 1 Samedi 25 F\u00e9vrier 2023Poule 1 \u00e0 St Ouen l&rsquo;Aumone (Cougars) &#8211; ?h Cougars vs Lycans:Cougars vs Molosses B:Cougars vs Phoenix\/Krakens:Lycans vs Molosses B:Lycans vs Phoenix\/Krakens:Molosses B vs Phoenix\/Krakens: Classement: 1. 2. 3. 4. Dimanche 26 F\u00e9vrier 2023Poule 2 \u00e0 Troyes (Pygargues) &#8211; ?h Pygargues vs Chevaliers:Pygargues vs Dragons:Pygargues vs Juggernautes B:Chevaliers vs [&hellip;]\" \/>\n<meta property=\"og:url\" content=\"http:\/\/l2fa.fr\/index.php\/d2-22-23\/\" \/>\n<meta property=\"og:site_name\" content=\"LFFA\" \/>\n<meta property=\"article:publisher\" content=\"https:\/\/www.facebook.com\/ETR-LFFA-1671643706485112\/\" \/>\n<meta property=\"article:modified_time\" content=\"2023-01-20T14:29:49+00:00\" \/>\n<meta name=\"twitter:card\" content=\"summary_large_image\" \/>\n<meta name=\"twitter:label1\" content=\"Dur\u00e9e de lecture estim\u00e9e\" \/>\n\t<meta name=\"twitter:data1\" content=\"3 minutes\" \/>\n<script type=\"application\/ld+json\" class=\"yoast-schema-graph\">{\"@context\":\"https:\/\/schema.org\",\"@graph\":[{\"@type\":\"WebPage\",\"@id\":\"http:\/\/l2fa.fr\/index.php\/d2-22-23\/\",\"url\":\"http:\/\/l2fa.fr\/index.php\/d2-22-23\/\",\"name\":\"Division 2 22\/23 &mdash; LFFA\",\"isPartOf\":{\"@id\":\"https:\/\/l2fa.fr\/#website\"},\"datePublished\":\"2019-09-13T12:57:37+00:00\",\"dateModified\":\"2023-01-20T14:29:49+00:00\",\"breadcrumb\":{\"@id\":\"http:\/\/l2fa.fr\/index.php\/d2-22-23\/#breadcrumb\"},\"inLanguage\":\"fr-FR\",\"potentialAction\":[{\"@type\":\"ReadAction\",\"target\":[\"http:\/\/l2fa.fr\/index.php\/d2-22-23\/\"]}]},{\"@type\":\"BreadcrumbList\",\"@id\":\"http:\/\/l2fa.fr\/index.php\/d2-22-23\/#breadcrumb\",\"itemListElement\":[{\"@type\":\"ListItem\",\"position\":1,\"name\":\"Accueil\",\"item\":\"https:\/\/l2fa.fr\/\"},{\"@type\":\"ListItem\",\"position\":2,\"name\":\"Division 2 22\/23\"}]},{\"@type\":\"WebSite\",\"@id\":\"https:\/\/l2fa.fr\/#website\",\"url\":\"https:\/\/l2fa.fr\/\",\"name\":\"LFFA\",\"description\":\"Site officiel de la Ligue Francilienne de Football Am\u00e9ricain, de Flag Football et de Cheerleading\",\"publisher\":{\"@id\":\"https:\/\/l2fa.fr\/#organization\"},\"potentialAction\":[{\"@type\":\"SearchAction\",\"target\":{\"@type\":\"EntryPoint\",\"urlTemplate\":\"https:\/\/l2fa.fr\/?s={search_term_string}\"},\"query-input\":\"required name=search_term_string\"}],\"inLanguage\":\"fr-FR\"},{\"@type\":\"Organization\",\"@id\":\"https:\/\/l2fa.fr\/#organization\",\"name\":\"l2fa\",\"url\":\"https:\/\/l2fa.fr\/\",\"logo\":{\"@type\":\"ImageObject\",\"inLanguage\":\"fr-FR\",\"@id\":\"https:\/\/l2fa.fr\/#\/schema\/logo\/image\/\",\"url\":\"http:\/\/l2fa.fr\/wp-content\/uploads\/2019\/05\/logo-LFFA_shadow-e1559319879386.png\",\"contentUrl\":\"http:\/\/l2fa.fr\/wp-content\/uploads\/2019\/05\/logo-LFFA_shadow-e1559319879386.png\",\"width\":500,\"height\":559,\"caption\":\"l2fa\"},\"image\":{\"@id\":\"https:\/\/l2fa.fr\/#\/schema\/logo\/image\/\"},\"sameAs\":[\"https:\/\/www.facebook.com\/ETR-LFFA-1671643706485112\/\"]}]}<\/script>\n<!-- \/ Yoast SEO plugin. -->","yoast_head_json":{"title":"Division 2 22\/23 &mdash; LFFA","robots":{"index":"index","follow":"follow","max-snippet":"max-snippet:-1","max-image-preview":"max-image-preview:large","max-video-preview":"max-video-preview:-1"},"canonical":"http:\/\/l2fa.fr\/index.php\/d2-22-23\/","og_locale":"fr_FR","og_type":"article","og_title":"Division 2 22\/23 &mdash; LFFA","og_description":"Calendrier Journ\u00e9e 1 Samedi 25 F\u00e9vrier 2023Poule 1 \u00e0 St Ouen l&rsquo;Aumone (Cougars) &#8211; ?h Cougars vs Lycans:Cougars vs Molosses B:Cougars vs Phoenix\/Krakens:Lycans vs Molosses B:Lycans vs Phoenix\/Krakens:Molosses B vs Phoenix\/Krakens: Classement: 1. 2. 3. 4. Dimanche 26 F\u00e9vrier 2023Poule 2 \u00e0 Troyes (Pygargues) &#8211; ?h Pygargues vs Chevaliers:Pygargues vs Dragons:Pygargues vs Juggernautes B:Chevaliers vs [&hellip;]","og_url":"http:\/\/l2fa.fr\/index.php\/d2-22-23\/","og_site_name":"LFFA","article_publisher":"https:\/\/www.facebook.com\/ETR-LFFA-1671643706485112\/","article_modified_time":"2023-01-20T14:29:49+00:00","twitter_card":"summary_large_image","twitter_misc":{"Dur\u00e9e de lecture estim\u00e9e":"3 minutes"},"schema":{"@context":"https:\/\/schema.org","@graph":[{"@type":"WebPage","@id":"http:\/\/l2fa.fr\/index.php\/d2-22-23\/","url":"http:\/\/l2fa.fr\/index.php\/d2-22-23\/","name":"Division 2 22\/23 &mdash; LFFA","isPartOf":{"@id":"https:\/\/l2fa.fr\/#website"},"datePublished":"2019-09-13T12:57:37+00:00","dateModified":"2023-01-20T14:29:49+00:00","breadcrumb":{"@id":"http:\/\/l2fa.fr\/index.php\/d2-22-23\/#breadcrumb"},"inLanguage":"fr-FR","potentialAction":[{"@type":"ReadAction","target":["http:\/\/l2fa.fr\/index.php\/d2-22-23\/"]}]},{"@type":"BreadcrumbList","@id":"http:\/\/l2fa.fr\/index.php\/d2-22-23\/#breadcrumb","itemListElement":[{"@type":"ListItem","position":1,"name":"Accueil","item":"https:\/\/l2fa.fr\/"},{"@type":"ListItem","position":2,"name":"Division 2 22\/23"}]},{"@type":"WebSite","@id":"https:\/\/l2fa.fr\/#website","url":"https:\/\/l2fa.fr\/","name":"LFFA","description":"Site officiel de la Ligue Francilienne de Football Am\u00e9ricain, de Flag Football et de Cheerleading","publisher":{"@id":"https:\/\/l2fa.fr\/#organization"},"potentialAction":[{"@type":"SearchAction","target":{"@type":"EntryPoint","urlTemplate":"https:\/\/l2fa.fr\/?s={search_term_string}"},"query-input":"required name=search_term_string"}],"inLanguage":"fr-FR"},{"@type":"Organization","@id":"https:\/\/l2fa.fr\/#organization","name":"l2fa","url":"https:\/\/l2fa.fr\/","logo":{"@type":"ImageObject","inLanguage":"fr-FR","@id":"https:\/\/l2fa.fr\/#\/schema\/logo\/image\/","url":"http:\/\/l2fa.fr\/wp-content\/uploads\/2019\/05\/logo-LFFA_shadow-e1559319879386.png","contentUrl":"http:\/\/l2fa.fr\/wp-content\/uploads\/2019\/05\/logo-LFFA_shadow-e1559319879386.png","width":500,"height":559,"caption":"l2fa"},"image":{"@id":"https:\/\/l2fa.fr\/#\/schema\/logo\/image\/"},"sameAs":["https:\/\/www.facebook.com\/ETR-LFFA-1671643706485112\/"]}]}},"_links":{"self":[{"href":"https:\/\/l2fa.fr\/index.php\/wp-json\/wp\/v2\/pages\/481"}],"collection":[{"href":"https:\/\/l2fa.fr\/index.php\/wp-json\/wp\/v2\/pages"}],"about":[{"href":"https:\/\/l2fa.fr\/index.php\/wp-json\/wp\/v2\/types\/page"}],"author":[{"embeddable":true,"href":"https:\/\/l2fa.fr\/index.php\/wp-json\/wp\/v2\/users\/1"}],"replies":[{"embeddable":true,"href":"https:\/\/l2fa.fr\/index.php\/wp-json\/wp\/v2\/comments?post=481"}],"version-history":[{"count":84,"href":"https:\/\/l2fa.fr\/index.php\/wp-json\/wp\/v2\/pages\/481\/revisions"}],"predecessor-version":[{"id":2865,"href":"https:\/\/l2fa.fr\/index.php\/wp-json\/wp\/v2\/pages\/481\/revisions\/2865"}],"wp:attachment":[{"href":"https:\/\/l2fa.fr\/index.php\/wp-json\/wp\/v2\/media?parent=481"}],"curies":[{"name":"wp","href":"https:\/\/api.w.org\/{rel}","templated":true}]}}