{"id":475,"date":"2019-09-13T14:53:15","date_gmt":"2019-09-13T12:53:15","guid":{"rendered":"http:\/\/l2fa.fr\/?page_id=475"},"modified":"2025-05-19T17:50:26","modified_gmt":"2025-05-19T15:50:26","slug":"championnat-regional-a-9-u16","status":"publish","type":"page","link":"https:\/\/l2fa.fr\/index.php\/championnat-regional-a-9-u16\/","title":{"rendered":"Challenge Territorial \u00e0 9 (U17)"},"content":{"rendered":"\n<h2 class=\"wp-block-heading\" id=\"saison-reguliere\">Saison R\u00e9guli\u00e8re<\/h2>\n\n\n<div class=\"sportspress\"><div class=\"sp-template sp-template-league-table\">\n\t<h4 class=\"sp-table-caption\">Classement IDF U17 \u00e0 9<\/h4><div class=\"sp-table-wrapper\"><table class=\"sp-league-table sp-league-table-456 sp-data-table sp-sortable-table sp-scrollable-table sp-paginated-table\" data-sp-rows=\"10\"><thead><tr><th class=\"data-rank\">Pos<\/th><th class=\"data-name\">\u00c9quipe<\/th><th class=\"data-w\">W<\/th><th class=\"data-l\">L<\/th><th class=\"data-t\">T<\/th><th class=\"data-pf\">PF<\/th><th class=\"data-pa\">PA<\/th><th class=\"data-netpts\">Net Pts<\/th><\/tr><\/thead><tbody><tr class=\"odd sp-row-no-0\"><td class=\"data-rank\" data-label=\"Pos\">1<\/td><td class=\"data-name has-logo\" data-label=\"\u00c9quipe\"><span class=\"team-logo\"><img loading=\"lazy\" decoding=\"async\" width=\"128\" height=\"128\" src=\"https:\/\/l2fa.fr\/wp-content\/uploads\/2019\/06\/cougars-128x128.png\" class=\"attachment-sportspress-fit-icon size-sportspress-fit-icon wp-post-image\" alt=\"\" \/><\/span>Cougars<\/td><td class=\"data-w\" data-label=\"W\">3<\/td><td class=\"data-l\" data-label=\"L\">1<\/td><td class=\"data-t\" data-label=\"T\">0<\/td><td class=\"data-pf\" data-label=\"PF\">92<\/td><td class=\"data-pa\" data-label=\"PA\">24<\/td><td class=\"data-netpts\" data-label=\"Net Pts\">68<\/td><\/tr><tr class=\"even sp-row-no-1\"><td class=\"data-rank\" data-label=\"Pos\">2<\/td><td class=\"data-name has-logo\" data-label=\"\u00c9quipe\"><span class=\"team-logo\"><img loading=\"lazy\" decoding=\"async\" width=\"128\" height=\"111\" src=\"https:\/\/l2fa.fr\/wp-content\/uploads\/2019\/06\/Me\u0301te\u0301ores-128x111.png\" class=\"attachment-sportspress-fit-icon size-sportspress-fit-icon wp-post-image\" alt=\"\" \/><\/span>M\u00e9t\u00e9ores<\/td><td class=\"data-w\" data-label=\"W\">2<\/td><td class=\"data-l\" data-label=\"L\">2<\/td><td class=\"data-t\" data-label=\"T\">0<\/td><td class=\"data-pf\" data-label=\"PF\">51<\/td><td class=\"data-pa\" data-label=\"PA\">98<\/td><td class=\"data-netpts\" data-label=\"Net Pts\">-47<\/td><\/tr><tr class=\"odd sp-row-no-2\"><td class=\"data-rank\" data-label=\"Pos\">3<\/td><td class=\"data-name has-logo\" data-label=\"\u00c9quipe\"><span class=\"team-logo\"><img loading=\"lazy\" decoding=\"async\" width=\"128\" height=\"117\" src=\"https:\/\/l2fa.fr\/wp-content\/uploads\/2019\/06\/molosses-1.png\" class=\"attachment-sportspress-fit-icon size-sportspress-fit-icon wp-post-image\" alt=\"\" \/><\/span>Molosses<\/td><td class=\"data-w\" data-label=\"W\">1<\/td><td class=\"data-l\" data-label=\"L\">3<\/td><td class=\"data-t\" data-label=\"T\">0<\/td><td class=\"data-pf\" data-label=\"PF\">49<\/td><td class=\"data-pa\" data-label=\"PA\">106<\/td><td class=\"data-netpts\" data-label=\"Net Pts\">-57<\/td><\/tr><tr class=\"even sp-row-no-3\"><td class=\"data-rank\" data-label=\"Pos\">4<\/td><td class=\"data-name has-logo\" data-label=\"\u00c9quipe\"><span class=\"team-logo\"><img loading=\"lazy\" decoding=\"async\" width=\"128\" height=\"128\" src=\"https:\/\/l2fa.fr\/wp-content\/uploads\/2021\/11\/Leopards-128x128.png\" class=\"attachment-sportspress-fit-icon size-sportspress-fit-icon wp-post-image\" alt=\"\" \/><\/span>L\u00e9opards<\/td><td class=\"data-w\" data-label=\"W\">0<\/td><td class=\"data-l\" data-label=\"L\">4<\/td><td class=\"data-t\" data-label=\"T\">0<\/td><td class=\"data-pf\" data-label=\"PF\">16<\/td><td class=\"data-pa\" data-label=\"PA\">101<\/td><td class=\"data-netpts\" data-label=\"Net Pts\">-85<\/td><\/tr><\/tbody><\/table><\/div><\/div>\n<\/div>\n\n\n\n<div style=\"height:100px\" aria-hidden=\"true\" class=\"wp-block-spacer\"><\/div>\n\n\n\n<h1 class=\"wp-block-heading\" id=\"calendrier\">Calendrier<\/h1>\n\n\n\n<div style=\"height:100px\" aria-hidden=\"true\" class=\"wp-block-spacer\"><\/div>\n\n\n\n<h1 class=\"wp-block-heading has-text-align-center\" id=\"journee-1\">Journ\u00e9e 1<\/h1>\n\n\n\n<p><\/p>\n\n\n\n<h2 class=\"wp-block-heading\" id=\"samedi-22-janvier-2022\"> 25\/26 janvier 2025<\/h2>\n\n\n<div class=\"sportspress\"><div class=\"sp-template sp-template-event-logos sp-template-event-logos-inline\"><div class=\"sp-event-logos sp-event-logos-2\"><span class=\"sp-team-logo\"><strong class=\"sp-team-name\">Cougars<\/strong> <img loading=\"lazy\" decoding=\"async\" width=\"128\" height=\"128\" src=\"https:\/\/l2fa.fr\/wp-content\/uploads\/2019\/06\/cougars-128x128.png\" class=\"attachment-sportspress-fit-icon size-sportspress-fit-icon wp-post-image\" alt=\"\" \/><\/span> vs <span class=\"sp-team-logo\"><img loading=\"lazy\" decoding=\"async\" width=\"128\" height=\"99\" src=\"https:\/\/l2fa.fr\/wp-content\/uploads\/2019\/06\/flash-128x99.png\" class=\"attachment-sportspress-fit-icon size-sportspress-fit-icon wp-post-image\" alt=\"\" \/> <strong class=\"sp-team-name\">Flash<\/strong><\/span><\/div><\/div><\/div>\n\n\n\n<h2 class=\"wp-block-heading has-text-align-center\" id=\"00-06\">0 &#8211; 18<\/h2>\n\n\n\n<p><strong>1 Mars 2025<\/strong><\/p>\n\n\n<div class=\"sportspress\"><div class=\"sp-template sp-template-event-logos sp-template-event-logos-inline\"><div class=\"sp-event-logos sp-event-logos-2\"><span class=\"sp-team-logo\"><strong class=\"sp-team-name\">Molosses<\/strong> <img loading=\"lazy\" decoding=\"async\" width=\"128\" height=\"117\" src=\"https:\/\/l2fa.fr\/wp-content\/uploads\/2019\/06\/molosses-1.png\" class=\"attachment-sportspress-fit-icon size-sportspress-fit-icon wp-post-image\" alt=\"\" \/><\/span> vs <span class=\"sp-team-logo\"><img loading=\"lazy\" decoding=\"async\" width=\"128\" height=\"128\" src=\"https:\/\/l2fa.fr\/wp-content\/uploads\/2021\/11\/Leopards-128x128.png\" class=\"attachment-sportspress-fit-icon size-sportspress-fit-icon wp-post-image\" alt=\"\" \/> <strong class=\"sp-team-name\">L\u00e9opards<\/strong><\/span><\/div><\/div><\/div>\n\n\n\n<h2 class=\"wp-block-heading has-text-align-center\">24 &#8211; 8<\/h2>\n\n\n\n<p><\/p>\n\n\n\n<p><\/p>\n\n\n\n<h1 class=\"wp-block-heading has-text-align-center\">Journ\u00e9e 2<\/h1>\n\n\n\n<p><\/p>\n\n\n\n<h2 class=\"wp-block-heading\"> 8\/9 f\u00e9vrier 2025<\/h2>\n\n\n<div class=\"sportspress\"><div class=\"sp-template sp-template-event-logos sp-template-event-logos-inline\"><div class=\"sp-event-logos sp-event-logos-2\"><span class=\"sp-team-logo\"><strong class=\"sp-team-name\">Flash<\/strong> <img loading=\"lazy\" decoding=\"async\" width=\"128\" height=\"99\" src=\"https:\/\/l2fa.fr\/wp-content\/uploads\/2019\/06\/flash-128x99.png\" class=\"attachment-sportspress-fit-icon size-sportspress-fit-icon wp-post-image\" alt=\"\" \/><\/span> vs <span class=\"sp-team-logo\"><img loading=\"lazy\" decoding=\"async\" width=\"128\" height=\"111\" src=\"https:\/\/l2fa.fr\/wp-content\/uploads\/2019\/06\/Me\u0301te\u0301ores-128x111.png\" class=\"attachment-sportspress-fit-icon size-sportspress-fit-icon wp-post-image\" alt=\"\" \/> <strong class=\"sp-team-name\">M\u00e9t\u00e9ores<\/strong><\/span><\/div><\/div><\/div>\n\n\n\n<p class=\"has-text-align-center has-large-font-size\"><strong>42 &#8211; 7<\/strong><\/p>\n\n\n<div class=\"sportspress\"><div class=\"sp-template sp-template-event-logos sp-template-event-logos-inline\"><div class=\"sp-event-logos sp-event-logos-2\"><span class=\"sp-team-logo\"><strong class=\"sp-team-name\">Cougars<\/strong> <img loading=\"lazy\" decoding=\"async\" width=\"128\" height=\"128\" src=\"https:\/\/l2fa.fr\/wp-content\/uploads\/2019\/06\/cougars-128x128.png\" class=\"attachment-sportspress-fit-icon size-sportspress-fit-icon wp-post-image\" alt=\"\" \/><\/span> vs <span class=\"sp-team-logo\"><img loading=\"lazy\" decoding=\"async\" width=\"128\" height=\"117\" src=\"https:\/\/l2fa.fr\/wp-content\/uploads\/2019\/06\/molosses-1.png\" class=\"attachment-sportspress-fit-icon size-sportspress-fit-icon wp-post-image\" alt=\"\" \/> <strong class=\"sp-team-name\">Molosses<\/strong><\/span><\/div><\/div><\/div>\n\n\n\n<p class=\"has-text-align-center has-large-font-size\"><strong>22 &#8211; 6<\/strong><\/p>\n\n\n\n<p><\/p>\n\n\n\n<h1 class=\"wp-block-heading has-text-align-center\">Journ\u00e9e 3 <\/h1>\n\n\n\n<p class=\"has-large-font-size\"><strong> 8\/9 mars 2025 <\/strong><\/p>\n\n\n\n<p><\/p>\n\n\n<div class=\"sportspress\"><div class=\"sp-template sp-template-event-logos sp-template-event-logos-inline\"><div class=\"sp-event-logos sp-event-logos-2\"><span class=\"sp-team-logo\"><strong class=\"sp-team-name\">L\u00e9opards<\/strong> <img loading=\"lazy\" decoding=\"async\" width=\"128\" height=\"128\" src=\"https:\/\/l2fa.fr\/wp-content\/uploads\/2021\/11\/Leopards-128x128.png\" class=\"attachment-sportspress-fit-icon size-sportspress-fit-icon wp-post-image\" alt=\"\" \/><\/span> vs <span class=\"sp-team-logo\"><img loading=\"lazy\" decoding=\"async\" width=\"128\" height=\"99\" src=\"https:\/\/l2fa.fr\/wp-content\/uploads\/2019\/06\/flash-128x99.png\" class=\"attachment-sportspress-fit-icon size-sportspress-fit-icon wp-post-image\" alt=\"\" \/> <strong class=\"sp-team-name\">Flash<\/strong><\/span><\/div><\/div><\/div>\n\n\n\n<p class=\"has-text-align-center has-medium-font-size\"><strong>0 &#8211; 27<\/strong><\/p>\n\n\n<div class=\"sportspress\"><div class=\"sp-template sp-template-event-logos sp-template-event-logos-inline\"><div class=\"sp-event-logos sp-event-logos-2\"><span class=\"sp-team-logo\"><strong class=\"sp-team-name\">M\u00e9t\u00e9ores<\/strong> <img loading=\"lazy\" decoding=\"async\" width=\"128\" height=\"111\" src=\"https:\/\/l2fa.fr\/wp-content\/uploads\/2019\/06\/Me\u0301te\u0301ores-128x111.png\" class=\"attachment-sportspress-fit-icon size-sportspress-fit-icon wp-post-image\" alt=\"\" \/><\/span> vs <span class=\"sp-team-logo\"><img loading=\"lazy\" decoding=\"async\" width=\"128\" height=\"128\" src=\"https:\/\/l2fa.fr\/wp-content\/uploads\/2019\/06\/cougars-128x128.png\" class=\"attachment-sportspress-fit-icon size-sportspress-fit-icon wp-post-image\" alt=\"\" \/> <strong class=\"sp-team-name\">Cougars<\/strong><\/span><\/div><\/div><\/div>\n\n\n\n<p class=\"has-text-align-center has-medium-font-size\"><strong>0 &#8211; 36<\/strong><\/p>\n\n\n\n<p><\/p>\n\n\n\n<p class=\"has-text-align-center has-large-font-size\"><strong>Journ\u00e9e 4<\/strong><\/p>\n\n\n\n<p><\/p>\n\n\n\n<p class=\"has-large-font-size\"><strong> 29\/30 mars 2025 <\/strong><\/p>\n\n\n<div class=\"sportspress\"><div class=\"sp-template sp-template-event-logos sp-template-event-logos-inline\"><div class=\"sp-event-logos sp-event-logos-2\"><span class=\"sp-team-logo\"><strong class=\"sp-team-name\">Cougars<\/strong> <img loading=\"lazy\" decoding=\"async\" width=\"128\" height=\"128\" src=\"https:\/\/l2fa.fr\/wp-content\/uploads\/2019\/06\/cougars-128x128.png\" class=\"attachment-sportspress-fit-icon size-sportspress-fit-icon wp-post-image\" alt=\"\" \/><\/span> vs <span class=\"sp-team-logo\"><img loading=\"lazy\" decoding=\"async\" width=\"128\" height=\"128\" src=\"https:\/\/l2fa.fr\/wp-content\/uploads\/2021\/11\/Leopards-128x128.png\" class=\"attachment-sportspress-fit-icon size-sportspress-fit-icon wp-post-image\" alt=\"\" \/> <strong class=\"sp-team-name\">L\u00e9opards<\/strong><\/span><\/div><\/div><\/div>\n\n\n\n<p class=\"has-text-align-center has-medium-font-size\"><strong>34 &#8211; 0<\/strong><\/p>\n\n\n<div class=\"sportspress\"><div class=\"sp-template sp-template-event-logos sp-template-event-logos-inline\"><div class=\"sp-event-logos sp-event-logos-2\"><span class=\"sp-team-logo\"><strong class=\"sp-team-name\">M\u00e9t\u00e9ores<\/strong> <img loading=\"lazy\" decoding=\"async\" width=\"128\" height=\"111\" src=\"https:\/\/l2fa.fr\/wp-content\/uploads\/2019\/06\/Me\u0301te\u0301ores-128x111.png\" class=\"attachment-sportspress-fit-icon size-sportspress-fit-icon wp-post-image\" alt=\"\" \/><\/span> vs <span class=\"sp-team-logo\"><img loading=\"lazy\" decoding=\"async\" width=\"128\" height=\"117\" src=\"https:\/\/l2fa.fr\/wp-content\/uploads\/2019\/06\/molosses-1.png\" class=\"attachment-sportspress-fit-icon size-sportspress-fit-icon wp-post-image\" alt=\"\" \/> <strong class=\"sp-team-name\">Molosses<\/strong><\/span><\/div><\/div><\/div>\n\n\n\n<p class=\"has-text-align-center has-medium-font-size\"><strong>28 &#8211; 12<\/strong><\/p>\n\n\n\n<p><\/p>\n\n\n\n<p class=\"has-text-align-center has-large-font-size\"><strong>Journ\u00e9e 5 <\/strong><\/p>\n\n\n\n<p class=\"has-large-font-size\"><strong> 3\/4 mai 2025<\/strong><\/p>\n\n\n\n<p><\/p>\n\n\n<div class=\"sportspress\"><div class=\"sp-template sp-template-event-logos sp-template-event-logos-inline\"><div class=\"sp-event-logos sp-event-logos-2\"><span class=\"sp-team-logo\"><strong class=\"sp-team-name\">L\u00e9opards<\/strong> <img loading=\"lazy\" decoding=\"async\" width=\"128\" height=\"128\" src=\"https:\/\/l2fa.fr\/wp-content\/uploads\/2021\/11\/Leopards-128x128.png\" class=\"attachment-sportspress-fit-icon size-sportspress-fit-icon wp-post-image\" alt=\"\" \/><\/span> vs <span class=\"sp-team-logo\"><img loading=\"lazy\" decoding=\"async\" width=\"128\" height=\"111\" src=\"https:\/\/l2fa.fr\/wp-content\/uploads\/2019\/06\/Me\u0301te\u0301ores-128x111.png\" class=\"attachment-sportspress-fit-icon size-sportspress-fit-icon wp-post-image\" alt=\"\" \/> <strong class=\"sp-team-name\">M\u00e9t\u00e9ores<\/strong><\/span><\/div><\/div><\/div>\n\n\n\n<p class=\"has-text-align-center has-medium-font-size\"><strong>8 &#8211; 16<\/strong><\/p>\n\n\n<div class=\"sportspress\"><div class=\"sp-template sp-template-event-logos sp-template-event-logos-inline\"><div class=\"sp-event-logos sp-event-logos-2\"><span class=\"sp-team-logo\"><strong class=\"sp-team-name\">Flash<\/strong> <img loading=\"lazy\" decoding=\"async\" width=\"128\" height=\"99\" src=\"https:\/\/l2fa.fr\/wp-content\/uploads\/2019\/06\/flash-128x99.png\" class=\"attachment-sportspress-fit-icon size-sportspress-fit-icon wp-post-image\" alt=\"\" \/><\/span> vs <span class=\"sp-team-logo\"><img loading=\"lazy\" decoding=\"async\" width=\"128\" height=\"117\" src=\"https:\/\/l2fa.fr\/wp-content\/uploads\/2019\/06\/molosses-1.png\" class=\"attachment-sportspress-fit-icon size-sportspress-fit-icon wp-post-image\" alt=\"\" \/> <strong class=\"sp-team-name\">Molosses<\/strong><\/span><\/div><\/div><\/div>\n\n\n\n<p class=\"has-text-align-center has-medium-font-size\"><strong>48 &#8211; 7<\/strong><\/p>\n","protected":false},"excerpt":{"rendered":"<p>Saison R\u00e9guli\u00e8re Calendrier Journ\u00e9e 1 25\/26 janvier 2025 0 &#8211; 18 1 Mars 2025 24 &#8211; 8 Journ\u00e9e 2 8\/9 f\u00e9vrier 2025 42 &#8211; 7 22 &#8211; 6 Journ\u00e9e 3 8\/9 mars 2025 0 &#8211; 27 0 &#8211; 36 Journ\u00e9e 4 29\/30 mars 2025 34 &#8211; 0 28 &#8211; 12 Journ\u00e9e 5 3\/4 mai 2025 [&hellip;]<\/p>\n","protected":false},"author":1,"featured_media":0,"parent":0,"menu_order":0,"comment_status":"closed","ping_status":"closed","template":"","meta":{"footnotes":""},"yoast_head":"<!-- This site is optimized with the Yoast SEO plugin v20.1 - https:\/\/yoast.com\/wordpress\/plugins\/seo\/ -->\n<title>Challenge Territorial \u00e0 9 (U17) &mdash; LFFA<\/title>\n<meta name=\"robots\" content=\"index, follow, max-snippet:-1, max-image-preview:large, max-video-preview:-1\" \/>\n<link rel=\"canonical\" href=\"https:\/\/l2fa.fr\/index.php\/championnat-regional-a-9-u16\/\" \/>\n<meta property=\"og:locale\" content=\"fr_FR\" \/>\n<meta property=\"og:type\" content=\"article\" \/>\n<meta property=\"og:title\" content=\"Challenge Territorial \u00e0 9 (U17) &mdash; LFFA\" \/>\n<meta property=\"og:description\" content=\"Saison R\u00e9guli\u00e8re Calendrier Journ\u00e9e 1 25\/26 janvier 2025 0 &#8211; 18 1 Mars 2025 24 &#8211; 8 Journ\u00e9e 2 8\/9 f\u00e9vrier 2025 42 &#8211; 7 22 &#8211; 6 Journ\u00e9e 3 8\/9 mars 2025 0 &#8211; 27 0 &#8211; 36 Journ\u00e9e 4 29\/30 mars 2025 34 &#8211; 0 28 &#8211; 12 Journ\u00e9e 5 3\/4 mai 2025 [&hellip;]\" \/>\n<meta property=\"og:url\" content=\"https:\/\/l2fa.fr\/index.php\/championnat-regional-a-9-u16\/\" \/>\n<meta property=\"og:site_name\" content=\"LFFA\" \/>\n<meta property=\"article:publisher\" content=\"https:\/\/www.facebook.com\/ETR-LFFA-1671643706485112\/\" \/>\n<meta property=\"article:modified_time\" content=\"2025-05-19T15:50:26+00:00\" \/>\n<meta name=\"twitter:card\" content=\"summary_large_image\" \/>\n<meta name=\"twitter:label1\" content=\"Dur\u00e9e de lecture estim\u00e9e\" \/>\n\t<meta name=\"twitter:data1\" content=\"1 minute\" \/>\n<script type=\"application\/ld+json\" class=\"yoast-schema-graph\">{\"@context\":\"https:\/\/schema.org\",\"@graph\":[{\"@type\":\"WebPage\",\"@id\":\"https:\/\/l2fa.fr\/index.php\/championnat-regional-a-9-u16\/\",\"url\":\"https:\/\/l2fa.fr\/index.php\/championnat-regional-a-9-u16\/\",\"name\":\"Challenge Territorial \u00e0 9 (U17) &mdash; LFFA\",\"isPartOf\":{\"@id\":\"https:\/\/l2fa.fr\/#website\"},\"datePublished\":\"2019-09-13T12:53:15+00:00\",\"dateModified\":\"2025-05-19T15:50:26+00:00\",\"breadcrumb\":{\"@id\":\"https:\/\/l2fa.fr\/index.php\/championnat-regional-a-9-u16\/#breadcrumb\"},\"inLanguage\":\"fr-FR\",\"potentialAction\":[{\"@type\":\"ReadAction\",\"target\":[\"https:\/\/l2fa.fr\/index.php\/championnat-regional-a-9-u16\/\"]}]},{\"@type\":\"BreadcrumbList\",\"@id\":\"https:\/\/l2fa.fr\/index.php\/championnat-regional-a-9-u16\/#breadcrumb\",\"itemListElement\":[{\"@type\":\"ListItem\",\"position\":1,\"name\":\"Accueil\",\"item\":\"https:\/\/l2fa.fr\/\"},{\"@type\":\"ListItem\",\"position\":2,\"name\":\"Challenge Territorial \u00e0 9 (U17)\"}]},{\"@type\":\"WebSite\",\"@id\":\"https:\/\/l2fa.fr\/#website\",\"url\":\"https:\/\/l2fa.fr\/\",\"name\":\"LFFA\",\"description\":\"Site officiel de la Ligue Francilienne de Football Am\u00e9ricain, de Flag Football et de Cheerleading\",\"publisher\":{\"@id\":\"https:\/\/l2fa.fr\/#organization\"},\"potentialAction\":[{\"@type\":\"SearchAction\",\"target\":{\"@type\":\"EntryPoint\",\"urlTemplate\":\"https:\/\/l2fa.fr\/?s={search_term_string}\"},\"query-input\":\"required name=search_term_string\"}],\"inLanguage\":\"fr-FR\"},{\"@type\":\"Organization\",\"@id\":\"https:\/\/l2fa.fr\/#organization\",\"name\":\"l2fa\",\"url\":\"https:\/\/l2fa.fr\/\",\"logo\":{\"@type\":\"ImageObject\",\"inLanguage\":\"fr-FR\",\"@id\":\"https:\/\/l2fa.fr\/#\/schema\/logo\/image\/\",\"url\":\"http:\/\/l2fa.fr\/wp-content\/uploads\/2019\/05\/logo-LFFA_shadow-e1559319879386.png\",\"contentUrl\":\"http:\/\/l2fa.fr\/wp-content\/uploads\/2019\/05\/logo-LFFA_shadow-e1559319879386.png\",\"width\":500,\"height\":559,\"caption\":\"l2fa\"},\"image\":{\"@id\":\"https:\/\/l2fa.fr\/#\/schema\/logo\/image\/\"},\"sameAs\":[\"https:\/\/www.facebook.com\/ETR-LFFA-1671643706485112\/\"]}]}<\/script>\n<!-- \/ Yoast SEO plugin. -->","yoast_head_json":{"title":"Challenge Territorial \u00e0 9 (U17) &mdash; LFFA","robots":{"index":"index","follow":"follow","max-snippet":"max-snippet:-1","max-image-preview":"max-image-preview:large","max-video-preview":"max-video-preview:-1"},"canonical":"https:\/\/l2fa.fr\/index.php\/championnat-regional-a-9-u16\/","og_locale":"fr_FR","og_type":"article","og_title":"Challenge Territorial \u00e0 9 (U17) &mdash; LFFA","og_description":"Saison R\u00e9guli\u00e8re Calendrier Journ\u00e9e 1 25\/26 janvier 2025 0 &#8211; 18 1 Mars 2025 24 &#8211; 8 Journ\u00e9e 2 8\/9 f\u00e9vrier 2025 42 &#8211; 7 22 &#8211; 6 Journ\u00e9e 3 8\/9 mars 2025 0 &#8211; 27 0 &#8211; 36 Journ\u00e9e 4 29\/30 mars 2025 34 &#8211; 0 28 &#8211; 12 Journ\u00e9e 5 3\/4 mai 2025 [&hellip;]","og_url":"https:\/\/l2fa.fr\/index.php\/championnat-regional-a-9-u16\/","og_site_name":"LFFA","article_publisher":"https:\/\/www.facebook.com\/ETR-LFFA-1671643706485112\/","article_modified_time":"2025-05-19T15:50:26+00:00","twitter_card":"summary_large_image","twitter_misc":{"Dur\u00e9e de lecture estim\u00e9e":"1 minute"},"schema":{"@context":"https:\/\/schema.org","@graph":[{"@type":"WebPage","@id":"https:\/\/l2fa.fr\/index.php\/championnat-regional-a-9-u16\/","url":"https:\/\/l2fa.fr\/index.php\/championnat-regional-a-9-u16\/","name":"Challenge Territorial \u00e0 9 (U17) &mdash; LFFA","isPartOf":{"@id":"https:\/\/l2fa.fr\/#website"},"datePublished":"2019-09-13T12:53:15+00:00","dateModified":"2025-05-19T15:50:26+00:00","breadcrumb":{"@id":"https:\/\/l2fa.fr\/index.php\/championnat-regional-a-9-u16\/#breadcrumb"},"inLanguage":"fr-FR","potentialAction":[{"@type":"ReadAction","target":["https:\/\/l2fa.fr\/index.php\/championnat-regional-a-9-u16\/"]}]},{"@type":"BreadcrumbList","@id":"https:\/\/l2fa.fr\/index.php\/championnat-regional-a-9-u16\/#breadcrumb","itemListElement":[{"@type":"ListItem","position":1,"name":"Accueil","item":"https:\/\/l2fa.fr\/"},{"@type":"ListItem","position":2,"name":"Challenge Territorial \u00e0 9 (U17)"}]},{"@type":"WebSite","@id":"https:\/\/l2fa.fr\/#website","url":"https:\/\/l2fa.fr\/","name":"LFFA","description":"Site officiel de la Ligue Francilienne de Football Am\u00e9ricain, de Flag Football et de Cheerleading","publisher":{"@id":"https:\/\/l2fa.fr\/#organization"},"potentialAction":[{"@type":"SearchAction","target":{"@type":"EntryPoint","urlTemplate":"https:\/\/l2fa.fr\/?s={search_term_string}"},"query-input":"required name=search_term_string"}],"inLanguage":"fr-FR"},{"@type":"Organization","@id":"https:\/\/l2fa.fr\/#organization","name":"l2fa","url":"https:\/\/l2fa.fr\/","logo":{"@type":"ImageObject","inLanguage":"fr-FR","@id":"https:\/\/l2fa.fr\/#\/schema\/logo\/image\/","url":"http:\/\/l2fa.fr\/wp-content\/uploads\/2019\/05\/logo-LFFA_shadow-e1559319879386.png","contentUrl":"http:\/\/l2fa.fr\/wp-content\/uploads\/2019\/05\/logo-LFFA_shadow-e1559319879386.png","width":500,"height":559,"caption":"l2fa"},"image":{"@id":"https:\/\/l2fa.fr\/#\/schema\/logo\/image\/"},"sameAs":["https:\/\/www.facebook.com\/ETR-LFFA-1671643706485112\/"]}]}},"_links":{"self":[{"href":"https:\/\/l2fa.fr\/index.php\/wp-json\/wp\/v2\/pages\/475"}],"collection":[{"href":"https:\/\/l2fa.fr\/index.php\/wp-json\/wp\/v2\/pages"}],"about":[{"href":"https:\/\/l2fa.fr\/index.php\/wp-json\/wp\/v2\/types\/page"}],"author":[{"embeddable":true,"href":"https:\/\/l2fa.fr\/index.php\/wp-json\/wp\/v2\/users\/1"}],"replies":[{"embeddable":true,"href":"https:\/\/l2fa.fr\/index.php\/wp-json\/wp\/v2\/comments?post=475"}],"version-history":[{"count":124,"href":"https:\/\/l2fa.fr\/index.php\/wp-json\/wp\/v2\/pages\/475\/revisions"}],"predecessor-version":[{"id":3862,"href":"https:\/\/l2fa.fr\/index.php\/wp-json\/wp\/v2\/pages\/475\/revisions\/3862"}],"wp:attachment":[{"href":"https:\/\/l2fa.fr\/index.php\/wp-json\/wp\/v2\/media?parent=475"}],"curies":[{"name":"wp","href":"https:\/\/api.w.org\/{rel}","templated":true}]}}