{"id":38,"date":"2019-06-03T10:35:42","date_gmt":"2019-06-03T08:35:42","guid":{"rendered":"http:\/\/l2fa.fr\/?page_id=38"},"modified":"2024-09-20T18:23:45","modified_gmt":"2024-09-20T16:23:45","slug":"les-missions","status":"publish","type":"page","link":"https:\/\/l2fa.fr\/index.php\/les-missions\/","title":{"rendered":"Les Missions"},"content":{"rendered":"\n<div style=\"height:100px\" aria-hidden=\"true\" class=\"wp-block-spacer\"><\/div>\n\n\n\n<p>Le r\u00f4le d&rsquo;un comit\u00e9 r\u00e9gional est de faire l&rsquo;interface entre les clubs\/comit\u00e9s d\u00e9partementaux et la f\u00e9d\u00e9ration. Il a d\u00e9l\u00e9gation de cette derni\u00e8re pour organiser les formations (arbitres, initiateur f\u00e9d\u00e9ral etc &#8230;), pour g\u00e9rer certains championnats nationaux (cadet, junior et D3) et r\u00e9gionaux.<\/p>\n\n\n\n<p>La LFFA est aussi en lien avec le Conseil R\u00e9gional d&rsquo;Ile de france et la Direction R\u00e9gionale de la jeunesse et Sports de la Coh\u00e9sion Sociale (DRJSCS) d&rsquo;Ile de France pour des aides et subventions.<\/p>\n\n\n\n<p>Enfin l&rsquo;aide \u00e0 la cr\u00e9ation et au d\u00e9veloppement des structures est une de nos priorit\u00e9s.<\/p>\n\n\n\n<div style=\"height:69px\" aria-hidden=\"true\" class=\"wp-block-spacer\"><\/div>\n\n\n\n<div class=\"wp-block-columns has-2-columns is-layout-flex wp-container-core-columns-is-layout-1 wp-block-columns-is-layout-flex\">\n<div class=\"wp-block-column is-layout-flow wp-block-column-is-layout-flow\">\n<h4 class=\"wp-block-heading\">Jean-Yves CARTON<\/h4>\n\n\n\n<p>Responsable administratif et financier, Cadre technique r\u00e9gional<\/p>\n<\/div>\n\n\n\n<div class=\"wp-block-column is-layout-flow wp-block-column-is-layout-flow\">\n<h4 class=\"wp-block-heading\"><\/h4>\n\n\n\n<p>R\u00e9f\u00e9rent technique ETR<\/p>\n<\/div>\n<\/div>\n\n\n\n<div class=\"wp-block-columns has-2-columns is-layout-flex wp-container-core-columns-is-layout-2 wp-block-columns-is-layout-flex\">\n<div class=\"wp-block-column is-layout-flow wp-block-column-is-layout-flow\">\n<h4 class=\"wp-block-heading\">Cyril Leiterer\/Carme<\/h4>\n\n\n\n<p>Responsable de l&rsquo;ETR<\/p>\n<\/div>\n\n\n\n<div class=\"wp-block-column is-layout-flow wp-block-column-is-layout-flow\">\n<h4 class=\"wp-block-heading\"><\/h4>\n\n\n\n<p><\/p>\n<\/div>\n<\/div>\n\n\n\n<div style=\"height:100px\" aria-hidden=\"true\" class=\"wp-block-spacer\"><\/div>\n","protected":false},"excerpt":{"rendered":"<p>Le r\u00f4le d&rsquo;un comit\u00e9 r\u00e9gional est de faire l&rsquo;interface entre les clubs\/comit\u00e9s d\u00e9partementaux et la f\u00e9d\u00e9ration. Il a d\u00e9l\u00e9gation de cette derni\u00e8re pour organiser les formations (arbitres, initiateur f\u00e9d\u00e9ral etc &#8230;), pour g\u00e9rer certains championnats nationaux (cadet, junior et D3) et r\u00e9gionaux. La LFFA est aussi en lien avec le Conseil R\u00e9gional d&rsquo;Ile de france [&hellip;]<\/p>\n","protected":false},"author":1,"featured_media":0,"parent":0,"menu_order":0,"comment_status":"closed","ping_status":"closed","template":"","meta":{"footnotes":""},"yoast_head":"<!-- This site is optimized with the Yoast SEO plugin v20.1 - https:\/\/yoast.com\/wordpress\/plugins\/seo\/ -->\n<title>Les Missions &mdash; LFFA<\/title>\n<meta name=\"robots\" content=\"index, follow, max-snippet:-1, max-image-preview:large, max-video-preview:-1\" \/>\n<link rel=\"canonical\" href=\"https:\/\/l2fa.fr\/index.php\/les-missions\/\" \/>\n<meta property=\"og:locale\" content=\"fr_FR\" \/>\n<meta property=\"og:type\" content=\"article\" \/>\n<meta property=\"og:title\" content=\"Les Missions &mdash; LFFA\" \/>\n<meta property=\"og:description\" content=\"Le r\u00f4le d&rsquo;un comit\u00e9 r\u00e9gional est de faire l&rsquo;interface entre les clubs\/comit\u00e9s d\u00e9partementaux et la f\u00e9d\u00e9ration. Il a d\u00e9l\u00e9gation de cette derni\u00e8re pour organiser les formations (arbitres, initiateur f\u00e9d\u00e9ral etc &#8230;), pour g\u00e9rer certains championnats nationaux (cadet, junior et D3) et r\u00e9gionaux. La LFFA est aussi en lien avec le Conseil R\u00e9gional d&rsquo;Ile de france [&hellip;]\" \/>\n<meta property=\"og:url\" content=\"https:\/\/l2fa.fr\/index.php\/les-missions\/\" \/>\n<meta property=\"og:site_name\" content=\"LFFA\" \/>\n<meta property=\"article:publisher\" content=\"https:\/\/www.facebook.com\/ETR-LFFA-1671643706485112\/\" \/>\n<meta property=\"article:modified_time\" content=\"2024-09-20T16:23:45+00:00\" \/>\n<meta name=\"twitter:card\" content=\"summary_large_image\" \/>\n<meta name=\"twitter:label1\" content=\"Dur\u00e9e de lecture estim\u00e9e\" \/>\n\t<meta name=\"twitter:data1\" content=\"1 minute\" \/>\n<script type=\"application\/ld+json\" class=\"yoast-schema-graph\">{\"@context\":\"https:\/\/schema.org\",\"@graph\":[{\"@type\":\"WebPage\",\"@id\":\"https:\/\/l2fa.fr\/index.php\/les-missions\/\",\"url\":\"https:\/\/l2fa.fr\/index.php\/les-missions\/\",\"name\":\"Les Missions &mdash; LFFA\",\"isPartOf\":{\"@id\":\"https:\/\/l2fa.fr\/#website\"},\"datePublished\":\"2019-06-03T08:35:42+00:00\",\"dateModified\":\"2024-09-20T16:23:45+00:00\",\"breadcrumb\":{\"@id\":\"https:\/\/l2fa.fr\/index.php\/les-missions\/#breadcrumb\"},\"inLanguage\":\"fr-FR\",\"potentialAction\":[{\"@type\":\"ReadAction\",\"target\":[\"https:\/\/l2fa.fr\/index.php\/les-missions\/\"]}]},{\"@type\":\"BreadcrumbList\",\"@id\":\"https:\/\/l2fa.fr\/index.php\/les-missions\/#breadcrumb\",\"itemListElement\":[{\"@type\":\"ListItem\",\"position\":1,\"name\":\"Accueil\",\"item\":\"https:\/\/l2fa.fr\/\"},{\"@type\":\"ListItem\",\"position\":2,\"name\":\"Les Missions\"}]},{\"@type\":\"WebSite\",\"@id\":\"https:\/\/l2fa.fr\/#website\",\"url\":\"https:\/\/l2fa.fr\/\",\"name\":\"LFFA\",\"description\":\"Site officiel de la Ligue Francilienne de Football Am\u00e9ricain, de Flag Football et de Cheerleading\",\"publisher\":{\"@id\":\"https:\/\/l2fa.fr\/#organization\"},\"potentialAction\":[{\"@type\":\"SearchAction\",\"target\":{\"@type\":\"EntryPoint\",\"urlTemplate\":\"https:\/\/l2fa.fr\/?s={search_term_string}\"},\"query-input\":\"required name=search_term_string\"}],\"inLanguage\":\"fr-FR\"},{\"@type\":\"Organization\",\"@id\":\"https:\/\/l2fa.fr\/#organization\",\"name\":\"l2fa\",\"url\":\"https:\/\/l2fa.fr\/\",\"logo\":{\"@type\":\"ImageObject\",\"inLanguage\":\"fr-FR\",\"@id\":\"https:\/\/l2fa.fr\/#\/schema\/logo\/image\/\",\"url\":\"http:\/\/l2fa.fr\/wp-content\/uploads\/2019\/05\/logo-LFFA_shadow-e1559319879386.png\",\"contentUrl\":\"http:\/\/l2fa.fr\/wp-content\/uploads\/2019\/05\/logo-LFFA_shadow-e1559319879386.png\",\"width\":500,\"height\":559,\"caption\":\"l2fa\"},\"image\":{\"@id\":\"https:\/\/l2fa.fr\/#\/schema\/logo\/image\/\"},\"sameAs\":[\"https:\/\/www.facebook.com\/ETR-LFFA-1671643706485112\/\"]}]}<\/script>\n<!-- \/ Yoast SEO plugin. -->","yoast_head_json":{"title":"Les Missions &mdash; LFFA","robots":{"index":"index","follow":"follow","max-snippet":"max-snippet:-1","max-image-preview":"max-image-preview:large","max-video-preview":"max-video-preview:-1"},"canonical":"https:\/\/l2fa.fr\/index.php\/les-missions\/","og_locale":"fr_FR","og_type":"article","og_title":"Les Missions &mdash; LFFA","og_description":"Le r\u00f4le d&rsquo;un comit\u00e9 r\u00e9gional est de faire l&rsquo;interface entre les clubs\/comit\u00e9s d\u00e9partementaux et la f\u00e9d\u00e9ration. Il a d\u00e9l\u00e9gation de cette derni\u00e8re pour organiser les formations (arbitres, initiateur f\u00e9d\u00e9ral etc &#8230;), pour g\u00e9rer certains championnats nationaux (cadet, junior et D3) et r\u00e9gionaux. La LFFA est aussi en lien avec le Conseil R\u00e9gional d&rsquo;Ile de france [&hellip;]","og_url":"https:\/\/l2fa.fr\/index.php\/les-missions\/","og_site_name":"LFFA","article_publisher":"https:\/\/www.facebook.com\/ETR-LFFA-1671643706485112\/","article_modified_time":"2024-09-20T16:23:45+00:00","twitter_card":"summary_large_image","twitter_misc":{"Dur\u00e9e de lecture estim\u00e9e":"1 minute"},"schema":{"@context":"https:\/\/schema.org","@graph":[{"@type":"WebPage","@id":"https:\/\/l2fa.fr\/index.php\/les-missions\/","url":"https:\/\/l2fa.fr\/index.php\/les-missions\/","name":"Les Missions &mdash; LFFA","isPartOf":{"@id":"https:\/\/l2fa.fr\/#website"},"datePublished":"2019-06-03T08:35:42+00:00","dateModified":"2024-09-20T16:23:45+00:00","breadcrumb":{"@id":"https:\/\/l2fa.fr\/index.php\/les-missions\/#breadcrumb"},"inLanguage":"fr-FR","potentialAction":[{"@type":"ReadAction","target":["https:\/\/l2fa.fr\/index.php\/les-missions\/"]}]},{"@type":"BreadcrumbList","@id":"https:\/\/l2fa.fr\/index.php\/les-missions\/#breadcrumb","itemListElement":[{"@type":"ListItem","position":1,"name":"Accueil","item":"https:\/\/l2fa.fr\/"},{"@type":"ListItem","position":2,"name":"Les Missions"}]},{"@type":"WebSite","@id":"https:\/\/l2fa.fr\/#website","url":"https:\/\/l2fa.fr\/","name":"LFFA","description":"Site officiel de la Ligue Francilienne de Football Am\u00e9ricain, de Flag Football et de Cheerleading","publisher":{"@id":"https:\/\/l2fa.fr\/#organization"},"potentialAction":[{"@type":"SearchAction","target":{"@type":"EntryPoint","urlTemplate":"https:\/\/l2fa.fr\/?s={search_term_string}"},"query-input":"required name=search_term_string"}],"inLanguage":"fr-FR"},{"@type":"Organization","@id":"https:\/\/l2fa.fr\/#organization","name":"l2fa","url":"https:\/\/l2fa.fr\/","logo":{"@type":"ImageObject","inLanguage":"fr-FR","@id":"https:\/\/l2fa.fr\/#\/schema\/logo\/image\/","url":"http:\/\/l2fa.fr\/wp-content\/uploads\/2019\/05\/logo-LFFA_shadow-e1559319879386.png","contentUrl":"http:\/\/l2fa.fr\/wp-content\/uploads\/2019\/05\/logo-LFFA_shadow-e1559319879386.png","width":500,"height":559,"caption":"l2fa"},"image":{"@id":"https:\/\/l2fa.fr\/#\/schema\/logo\/image\/"},"sameAs":["https:\/\/www.facebook.com\/ETR-LFFA-1671643706485112\/"]}]}},"_links":{"self":[{"href":"https:\/\/l2fa.fr\/index.php\/wp-json\/wp\/v2\/pages\/38"}],"collection":[{"href":"https:\/\/l2fa.fr\/index.php\/wp-json\/wp\/v2\/pages"}],"about":[{"href":"https:\/\/l2fa.fr\/index.php\/wp-json\/wp\/v2\/types\/page"}],"author":[{"embeddable":true,"href":"https:\/\/l2fa.fr\/index.php\/wp-json\/wp\/v2\/users\/1"}],"replies":[{"embeddable":true,"href":"https:\/\/l2fa.fr\/index.php\/wp-json\/wp\/v2\/comments?post=38"}],"version-history":[{"count":5,"href":"https:\/\/l2fa.fr\/index.php\/wp-json\/wp\/v2\/pages\/38\/revisions"}],"predecessor-version":[{"id":3412,"href":"https:\/\/l2fa.fr\/index.php\/wp-json\/wp\/v2\/pages\/38\/revisions\/3412"}],"wp:attachment":[{"href":"https:\/\/l2fa.fr\/index.php\/wp-json\/wp\/v2\/media?parent=38"}],"curies":[{"name":"wp","href":"https:\/\/api.w.org\/{rel}","templated":true}]}}