{"id":3384,"date":"2024-09-02T10:35:47","date_gmt":"2024-09-02T08:35:47","guid":{"rendered":"https:\/\/l2fa.fr\/?page_id=3384"},"modified":"2026-02-03T21:22:40","modified_gmt":"2026-02-03T20:22:40","slug":"challenge-3fl-jeunes-2024-2025","status":"publish","type":"page","link":"https:\/\/l2fa.fr\/index.php\/challenge-3fl-jeunes-2024-2025\/","title":{"rendered":"OPEN FLAG JEUNES LFFA 2025\/2026"},"content":{"rendered":"\n<div style=\"height:100px\" aria-hidden=\"true\" class=\"wp-block-spacer\"><\/div>\n\n\n\n<h2 class=\"wp-block-heading\">Dimanche 9 Novembre 2025<\/h2>\n\n\n\n<p><strong><strong><strong>Qualification R\u00e9gionale NFL PROGRAM<\/strong><\/strong>\u00a0\u00e0 Elancourt 78 (Templiers) \u2013 9h<\/strong><\/p>\n\n\n\n<p>7 Equipes U13 : TEMPLIERS &#8211; FLASH &#8211; GAVROCHES &#8211; MOLOSSES &#8211; METEORES &#8211; QUARKS &#8211; LEVIATHAN<\/p>\n\n\n\n<p><\/p>\n\n\n\n<h2 class=\"wp-block-heading\">Samedi 15 Novembre 2025<\/h2>\n\n\n\n<p><strong><strong><strong>OPEN FLAG <\/strong><\/strong>#1\u00a0\u00e0 Meaux 77 (Marne Soldiers) \u2013 9h<\/strong><\/p>\n\n\n\n<p>4 Equipes U11 : SOLDIERS &#8211; FLASH &#8211; MOLOSSES &#8211; METEORES<br>5 Equipes U13 : SOLDIERS &#8211; FLASH &#8211; GAVROCHES &#8211; METEORES A &#8211; METEORES B<br>3 Equipes U15 : FLASH &#8211; GAVROCHES &#8211; METEORES<\/p>\n\n\n\n<p><\/p>\n\n\n\n<h2 class=\"wp-block-heading\">Samedi 06 D\u00e9cembre 2025<\/h2>\n\n\n\n<p><strong>OPEN FLAG #2\u00a0\u00e0 La Courneuve 93 (Flash) \u2013 9h<\/strong><\/p>\n\n\n\n<p>3 Equipes U11 : FLASH &#8211; GAVROCHES &#8211; METEORES<br>6 Equipes U13 : FLASH &#8211; SOLDIERS &#8211; METEORES &#8211; GAVROCHES &#8211; MOLOSSES &#8211; DIABLES ROUGES<br>4 Equipes U15 : FLASH &#8211; MOLOSSES &#8211; METEORES &#8211; GAVROCHES<\/p>\n\n\n\n<p><\/p>\n\n\n\n<h2 class=\"wp-block-heading\">Samedi 13 D\u00e9cembre 2025<\/h2>\n\n\n\n<p><strong>OPEN FLAG #3\u00a0\u00e0 Villebon 91 (Quarks) \u2013 13h<\/strong><\/p>\n\n\n\n<p>2 Equipes U11 : QUARKS &#8211; MOLOSSES<br>4 Equipes U13 : QUARKS &#8211; SOLDIERS &#8211; PYGARGUES &#8211; COUGARS<br>4 Equipes U15 : QUARKS &#8211; MOLOSSES &#8211; METEORES &#8211; PYGARGUES<\/p>\n\n\n\n<p><\/p>\n\n\n\n<h2 class=\"wp-block-heading\">Samedi 10 Janvier 2026<\/h2>\n\n\n\n<p><strong>OPEN FLAG #4\u00a0\u00e0 La Courneuve 93 (Flash) \u2013 9h<\/strong><\/p>\n\n\n\n<p>3 Equipes U11 : FLASH &#8211; GAVROCHES &#8211; MOLOSSES<br>3 Equipes U13 : FLASH &#8211; GAVROCHES &#8211; DIABLES ROUGES \/ COUGARS<br>3 Equipes U15 : FLASH &#8211; MOLOSSES &#8211; GAVROCHES<\/p>\n\n\n\n<p><\/p>\n\n\n\n<h2 class=\"wp-block-heading\">Samedi 21 F\u00e9vrier 2026<\/h2>\n\n\n\n<p><strong>OPEN FLAG #5\u00a0\u00e0 La Courneuve 93 (Flash) \u2013 9h<br>Equipes pr\u00e9sentes:<\/strong><\/p>\n\n\n\n<p>FLASH &#8211; QUARKS &#8211; METEORES &#8211; MOLOSSES<\/p>\n\n\n\n<p><\/p>\n\n\n\n<h2 class=\"wp-block-heading\">Samedi 07 Mars 2026<\/h2>\n\n\n\n<p><strong>OPEN FLAG #6\u00a0\u00e0 Cergy 95 (Cougars) \u2013 9h<br>Equipes pr\u00e9sentes:<\/strong><\/p>\n\n\n\n<p>COUGARS &#8211; FLASH &#8211; QUARKS &#8211; METEORES<\/p>\n\n\n\n<p><\/p>\n\n\n\n<h2 class=\"wp-block-heading\">Samedi 21 Mars 2026<\/h2>\n\n\n\n<p><strong><strong><strong>OPEN FLAG <\/strong><\/strong>#7\u00a0<\/strong>\u00e0 Fontenay sous Bois 94 (M\u00e9t\u00e9ores ) \u2013 10h<br><strong>Equipes pr\u00e9sentes:<\/strong><\/p>\n\n\n\n<p>METEORES<\/p>\n\n\n\n<p><\/p>\n\n\n\n<h2 class=\"wp-block-heading\">04 \/ 05 Avril 2026<\/h2>\n\n\n\n<p><strong><strong><strong>OPEN FLAG #8<\/strong><\/strong><\/strong> \u00e0 () \u2013 h<br><strong>Equipes pr\u00e9sentes:<\/strong> <\/p>\n\n\n\n<p><\/p>\n\n\n\n<h2 class=\"wp-block-heading\">16 \/ 17 Mai 2026<\/h2>\n\n\n\n<p><strong><strong><strong>OPEN FLAG <\/strong><\/strong>#9\u00a0<\/strong>\u00e0 () \u2013 h<br><strong>Equipes pr\u00e9sentes:<\/strong> <\/p>\n\n\n\n<p><\/p>\n\n\n\n<h2 class=\"wp-block-heading\">30 \/ 31 Mai 2026<\/h2>\n\n\n\n<p><strong><strong><strong>OPEN FLAG <\/strong><\/strong>#10\u00a0<\/strong>\u00e0 () \u2013 h<br><strong>Equipes pr\u00e9sentes:<\/strong><\/p>\n\n\n\n<p><\/p>\n\n\n\n<h2 class=\"wp-block-heading\">13 \/ 14 Juin 2026<\/h2>\n\n\n\n<p><strong><strong><strong>OPEN FLAG <\/strong><\/strong>#11\u00a0<\/strong>\u00e0 () \u2013 h<br><strong>Equipes pr\u00e9sentes:<\/strong><\/p>\n\n\n\n<p><\/p>\n","protected":false},"excerpt":{"rendered":"<p>Dimanche 9 Novembre 2025 Qualification R\u00e9gionale NFL PROGRAM\u00a0\u00e0 Elancourt 78 (Templiers) \u2013 9h 7 Equipes U13 : TEMPLIERS &#8211; FLASH &#8211; GAVROCHES &#8211; MOLOSSES &#8211; METEORES &#8211; QUARKS &#8211; LEVIATHAN Samedi 15 Novembre 2025 OPEN FLAG #1\u00a0\u00e0 Meaux 77 (Marne Soldiers) \u2013 9h 4 Equipes U11 : SOLDIERS &#8211; FLASH &#8211; MOLOSSES &#8211; METEORES5 Equipes [&hellip;]<\/p>\n","protected":false},"author":1,"featured_media":0,"parent":0,"menu_order":0,"comment_status":"closed","ping_status":"closed","template":"","meta":{"footnotes":""},"yoast_head":"<!-- This site is optimized with the Yoast SEO plugin v20.1 - https:\/\/yoast.com\/wordpress\/plugins\/seo\/ -->\n<title>OPEN FLAG JEUNES LFFA 2025\/2026 &mdash; LFFA<\/title>\n<meta name=\"robots\" content=\"index, follow, max-snippet:-1, max-image-preview:large, max-video-preview:-1\" \/>\n<link rel=\"canonical\" href=\"https:\/\/l2fa.fr\/index.php\/challenge-3fl-jeunes-2024-2025\/\" \/>\n<meta property=\"og:locale\" content=\"fr_FR\" \/>\n<meta property=\"og:type\" content=\"article\" \/>\n<meta property=\"og:title\" content=\"OPEN FLAG JEUNES LFFA 2025\/2026 &mdash; LFFA\" \/>\n<meta property=\"og:description\" content=\"Dimanche 9 Novembre 2025 Qualification R\u00e9gionale NFL PROGRAM\u00a0\u00e0 Elancourt 78 (Templiers) \u2013 9h 7 Equipes U13 : TEMPLIERS &#8211; FLASH &#8211; GAVROCHES &#8211; MOLOSSES &#8211; METEORES &#8211; QUARKS &#8211; LEVIATHAN Samedi 15 Novembre 2025 OPEN FLAG #1\u00a0\u00e0 Meaux 77 (Marne Soldiers) \u2013 9h 4 Equipes U11 : SOLDIERS &#8211; FLASH &#8211; MOLOSSES &#8211; METEORES5 Equipes [&hellip;]\" \/>\n<meta property=\"og:url\" content=\"https:\/\/l2fa.fr\/index.php\/challenge-3fl-jeunes-2024-2025\/\" \/>\n<meta property=\"og:site_name\" content=\"LFFA\" \/>\n<meta property=\"article:publisher\" content=\"https:\/\/www.facebook.com\/ETR-LFFA-1671643706485112\/\" \/>\n<meta property=\"article:modified_time\" content=\"2026-02-03T20:22:40+00:00\" \/>\n<meta name=\"twitter:card\" content=\"summary_large_image\" \/>\n<meta name=\"twitter:label1\" content=\"Dur\u00e9e de lecture estim\u00e9e\" \/>\n\t<meta name=\"twitter:data1\" content=\"2 minutes\" \/>\n<script type=\"application\/ld+json\" class=\"yoast-schema-graph\">{\"@context\":\"https:\/\/schema.org\",\"@graph\":[{\"@type\":\"WebPage\",\"@id\":\"https:\/\/l2fa.fr\/index.php\/challenge-3fl-jeunes-2024-2025\/\",\"url\":\"https:\/\/l2fa.fr\/index.php\/challenge-3fl-jeunes-2024-2025\/\",\"name\":\"OPEN FLAG JEUNES LFFA 2025\/2026 &mdash; LFFA\",\"isPartOf\":{\"@id\":\"https:\/\/l2fa.fr\/#website\"},\"datePublished\":\"2024-09-02T08:35:47+00:00\",\"dateModified\":\"2026-02-03T20:22:40+00:00\",\"breadcrumb\":{\"@id\":\"https:\/\/l2fa.fr\/index.php\/challenge-3fl-jeunes-2024-2025\/#breadcrumb\"},\"inLanguage\":\"fr-FR\",\"potentialAction\":[{\"@type\":\"ReadAction\",\"target\":[\"https:\/\/l2fa.fr\/index.php\/challenge-3fl-jeunes-2024-2025\/\"]}]},{\"@type\":\"BreadcrumbList\",\"@id\":\"https:\/\/l2fa.fr\/index.php\/challenge-3fl-jeunes-2024-2025\/#breadcrumb\",\"itemListElement\":[{\"@type\":\"ListItem\",\"position\":1,\"name\":\"Accueil\",\"item\":\"https:\/\/l2fa.fr\/\"},{\"@type\":\"ListItem\",\"position\":2,\"name\":\"OPEN FLAG JEUNES LFFA 2025\/2026\"}]},{\"@type\":\"WebSite\",\"@id\":\"https:\/\/l2fa.fr\/#website\",\"url\":\"https:\/\/l2fa.fr\/\",\"name\":\"LFFA\",\"description\":\"Site officiel de la Ligue Francilienne de Football Am\u00e9ricain, de Flag Football et de Cheerleading\",\"publisher\":{\"@id\":\"https:\/\/l2fa.fr\/#organization\"},\"potentialAction\":[{\"@type\":\"SearchAction\",\"target\":{\"@type\":\"EntryPoint\",\"urlTemplate\":\"https:\/\/l2fa.fr\/?s={search_term_string}\"},\"query-input\":\"required name=search_term_string\"}],\"inLanguage\":\"fr-FR\"},{\"@type\":\"Organization\",\"@id\":\"https:\/\/l2fa.fr\/#organization\",\"name\":\"l2fa\",\"url\":\"https:\/\/l2fa.fr\/\",\"logo\":{\"@type\":\"ImageObject\",\"inLanguage\":\"fr-FR\",\"@id\":\"https:\/\/l2fa.fr\/#\/schema\/logo\/image\/\",\"url\":\"http:\/\/l2fa.fr\/wp-content\/uploads\/2019\/05\/logo-LFFA_shadow-e1559319879386.png\",\"contentUrl\":\"http:\/\/l2fa.fr\/wp-content\/uploads\/2019\/05\/logo-LFFA_shadow-e1559319879386.png\",\"width\":500,\"height\":559,\"caption\":\"l2fa\"},\"image\":{\"@id\":\"https:\/\/l2fa.fr\/#\/schema\/logo\/image\/\"},\"sameAs\":[\"https:\/\/www.facebook.com\/ETR-LFFA-1671643706485112\/\"]}]}<\/script>\n<!-- \/ Yoast SEO plugin. -->","yoast_head_json":{"title":"OPEN FLAG JEUNES LFFA 2025\/2026 &mdash; LFFA","robots":{"index":"index","follow":"follow","max-snippet":"max-snippet:-1","max-image-preview":"max-image-preview:large","max-video-preview":"max-video-preview:-1"},"canonical":"https:\/\/l2fa.fr\/index.php\/challenge-3fl-jeunes-2024-2025\/","og_locale":"fr_FR","og_type":"article","og_title":"OPEN FLAG JEUNES LFFA 2025\/2026 &mdash; LFFA","og_description":"Dimanche 9 Novembre 2025 Qualification R\u00e9gionale NFL PROGRAM\u00a0\u00e0 Elancourt 78 (Templiers) \u2013 9h 7 Equipes U13 : TEMPLIERS &#8211; FLASH &#8211; GAVROCHES &#8211; MOLOSSES &#8211; METEORES &#8211; QUARKS &#8211; LEVIATHAN Samedi 15 Novembre 2025 OPEN FLAG #1\u00a0\u00e0 Meaux 77 (Marne Soldiers) \u2013 9h 4 Equipes U11 : SOLDIERS &#8211; FLASH &#8211; MOLOSSES &#8211; METEORES5 Equipes [&hellip;]","og_url":"https:\/\/l2fa.fr\/index.php\/challenge-3fl-jeunes-2024-2025\/","og_site_name":"LFFA","article_publisher":"https:\/\/www.facebook.com\/ETR-LFFA-1671643706485112\/","article_modified_time":"2026-02-03T20:22:40+00:00","twitter_card":"summary_large_image","twitter_misc":{"Dur\u00e9e de lecture estim\u00e9e":"2 minutes"},"schema":{"@context":"https:\/\/schema.org","@graph":[{"@type":"WebPage","@id":"https:\/\/l2fa.fr\/index.php\/challenge-3fl-jeunes-2024-2025\/","url":"https:\/\/l2fa.fr\/index.php\/challenge-3fl-jeunes-2024-2025\/","name":"OPEN FLAG JEUNES LFFA 2025\/2026 &mdash; LFFA","isPartOf":{"@id":"https:\/\/l2fa.fr\/#website"},"datePublished":"2024-09-02T08:35:47+00:00","dateModified":"2026-02-03T20:22:40+00:00","breadcrumb":{"@id":"https:\/\/l2fa.fr\/index.php\/challenge-3fl-jeunes-2024-2025\/#breadcrumb"},"inLanguage":"fr-FR","potentialAction":[{"@type":"ReadAction","target":["https:\/\/l2fa.fr\/index.php\/challenge-3fl-jeunes-2024-2025\/"]}]},{"@type":"BreadcrumbList","@id":"https:\/\/l2fa.fr\/index.php\/challenge-3fl-jeunes-2024-2025\/#breadcrumb","itemListElement":[{"@type":"ListItem","position":1,"name":"Accueil","item":"https:\/\/l2fa.fr\/"},{"@type":"ListItem","position":2,"name":"OPEN FLAG JEUNES LFFA 2025\/2026"}]},{"@type":"WebSite","@id":"https:\/\/l2fa.fr\/#website","url":"https:\/\/l2fa.fr\/","name":"LFFA","description":"Site officiel de la Ligue Francilienne de Football Am\u00e9ricain, de Flag Football et de Cheerleading","publisher":{"@id":"https:\/\/l2fa.fr\/#organization"},"potentialAction":[{"@type":"SearchAction","target":{"@type":"EntryPoint","urlTemplate":"https:\/\/l2fa.fr\/?s={search_term_string}"},"query-input":"required name=search_term_string"}],"inLanguage":"fr-FR"},{"@type":"Organization","@id":"https:\/\/l2fa.fr\/#organization","name":"l2fa","url":"https:\/\/l2fa.fr\/","logo":{"@type":"ImageObject","inLanguage":"fr-FR","@id":"https:\/\/l2fa.fr\/#\/schema\/logo\/image\/","url":"http:\/\/l2fa.fr\/wp-content\/uploads\/2019\/05\/logo-LFFA_shadow-e1559319879386.png","contentUrl":"http:\/\/l2fa.fr\/wp-content\/uploads\/2019\/05\/logo-LFFA_shadow-e1559319879386.png","width":500,"height":559,"caption":"l2fa"},"image":{"@id":"https:\/\/l2fa.fr\/#\/schema\/logo\/image\/"},"sameAs":["https:\/\/www.facebook.com\/ETR-LFFA-1671643706485112\/"]}]}},"_links":{"self":[{"href":"https:\/\/l2fa.fr\/index.php\/wp-json\/wp\/v2\/pages\/3384"}],"collection":[{"href":"https:\/\/l2fa.fr\/index.php\/wp-json\/wp\/v2\/pages"}],"about":[{"href":"https:\/\/l2fa.fr\/index.php\/wp-json\/wp\/v2\/types\/page"}],"author":[{"embeddable":true,"href":"https:\/\/l2fa.fr\/index.php\/wp-json\/wp\/v2\/users\/1"}],"replies":[{"embeddable":true,"href":"https:\/\/l2fa.fr\/index.php\/wp-json\/wp\/v2\/comments?post=3384"}],"version-history":[{"count":80,"href":"https:\/\/l2fa.fr\/index.php\/wp-json\/wp\/v2\/pages\/3384\/revisions"}],"predecessor-version":[{"id":3909,"href":"https:\/\/l2fa.fr\/index.php\/wp-json\/wp\/v2\/pages\/3384\/revisions\/3909"}],"wp:attachment":[{"href":"https:\/\/l2fa.fr\/index.php\/wp-json\/wp\/v2\/media?parent=3384"}],"curies":[{"name":"wp","href":"https:\/\/api.w.org\/{rel}","templated":true}]}}