{"id":33,"date":"2019-06-03T10:24:32","date_gmt":"2019-06-03T08:24:32","guid":{"rendered":"http:\/\/l2fa.fr\/?page_id=33"},"modified":"2024-09-17T10:29:02","modified_gmt":"2024-09-17T08:29:02","slug":"le-comite-directeur","status":"publish","type":"page","link":"https:\/\/l2fa.fr\/index.php\/le-comite-directeur\/","title":{"rendered":"Le Comit\u00e9 Directeur"},"content":{"rendered":"\n<div style=\"height:100px\" aria-hidden=\"true\" class=\"wp-block-spacer\"><\/div>\n\n\n\n<h2 class=\"wp-block-heading\">Le bureau \u00e9x\u00e9cutif<\/h2>\n\n\n\n<p>Selon les statuts de la LFFA, les dirigeants sont \u00e9lus pour quatre ann\u00e9es lors d&rsquo;une assembl\u00e9e g\u00e9n\u00e9rale qui se tient annuellement<\/p>\n\n\n\n<div style=\"height:36px\" aria-hidden=\"true\" class=\"wp-block-spacer\"><\/div>\n\n\n\n<div class=\"wp-block-columns has-2-columns is-layout-flex wp-container-core-columns-is-layout-1 wp-block-columns-is-layout-flex\">\n<div class=\"wp-block-column is-layout-flow wp-block-column-is-layout-flow\">\n<h4 class=\"wp-block-heading\">Pr\u00e9sidente<\/h4>\n\n\n\n<p>Madame Jo\u00eblle LAFOLIE<\/p>\n<\/div>\n\n\n\n<div class=\"wp-block-column is-layout-flow wp-block-column-is-layout-flow\">\n<h4 class=\"wp-block-heading\"><\/h4>\n<\/div>\n<\/div>\n\n\n\n<div class=\"wp-block-columns has-2-columns is-layout-flex wp-container-core-columns-is-layout-2 wp-block-columns-is-layout-flex\">\n<div class=\"wp-block-column is-layout-flow wp-block-column-is-layout-flow\">\n<h4 class=\"wp-block-heading\">Secr\u00e9taire<\/h4>\n\n\n\n<p>Madame Laurence GAUDET<\/p>\n<\/div>\n\n\n\n<div class=\"wp-block-column is-layout-flow wp-block-column-is-layout-flow\">\n<h4 class=\"wp-block-heading\">Tr\u00e9sorier<\/h4>\n\n\n\n<p>Monsieur Mathieu BOUDRY<\/p>\n<\/div>\n<\/div>\n\n\n\n<div style=\"height:100px\" aria-hidden=\"true\" class=\"wp-block-spacer\"><\/div>\n\n\n\n<h2 class=\"wp-block-heading\">Le conseil d&rsquo;administration<\/h2>\n\n\n\n<div style=\"height:54px\" aria-hidden=\"true\" class=\"wp-block-spacer\"><\/div>\n\n\n\n<div class=\"wp-block-columns has-2-columns is-layout-flex wp-container-core-columns-is-layout-3 wp-block-columns-is-layout-flex\">\n<div class=\"wp-block-column is-layout-flow wp-block-column-is-layout-flow\">\n<h4 class=\"wp-block-heading\">Pr\u00e9sident de la commission Football<\/h4>\n\n\n\n<p><\/p>\n<\/div>\n\n\n\n<div class=\"wp-block-column is-layout-flow wp-block-column-is-layout-flow\">\n<h4 class=\"wp-block-heading\">Pr\u00e9sident de la CRA IDF<\/h4>\n\n\n\n<p>Monsieur Alexandre Roger<\/p>\n<\/div>\n<\/div>\n\n\n\n<div class=\"wp-block-columns has-2-columns is-layout-flex wp-container-core-columns-is-layout-4 wp-block-columns-is-layout-flex\">\n<div class=\"wp-block-column is-layout-flow wp-block-column-is-layout-flow\">\n<h4 class=\"wp-block-heading\">Pr\u00e9sidente de la commission Cheer<\/h4>\n\n\n\n<p>Madame Sandra LEFEVRE<\/p>\n<\/div>\n\n\n\n<div class=\"wp-block-column is-layout-flow wp-block-column-is-layout-flow\">\n<h4 class=\"wp-block-heading\">Pr\u00e9sident de la commission Flag<\/h4>\n\n\n\n<p>Monsieur Alexandre Roger<\/p>\n<\/div>\n<\/div>\n\n\n\n<div class=\"wp-block-columns has-2-columns is-layout-flex wp-container-core-columns-is-layout-5 wp-block-columns-is-layout-flex\">\n<div class=\"wp-block-column is-layout-flow wp-block-column-is-layout-flow\">\n<h4 class=\"wp-block-heading\"><\/h4>\n<\/div>\n\n\n\n<div class=\"wp-block-column is-layout-flow wp-block-column-is-layout-flow\"><\/div>\n<\/div>\n\n\n\n<div style=\"height:100px\" aria-hidden=\"true\" class=\"wp-block-spacer\"><\/div>\n","protected":false},"excerpt":{"rendered":"<p>Le bureau \u00e9x\u00e9cutif Selon les statuts de la LFFA, les dirigeants sont \u00e9lus pour quatre ann\u00e9es lors d&rsquo;une assembl\u00e9e g\u00e9n\u00e9rale qui se tient annuellement Pr\u00e9sidente Madame Jo\u00eblle LAFOLIE Secr\u00e9taire Madame Laurence GAUDET Tr\u00e9sorier Monsieur Mathieu BOUDRY Le conseil d&rsquo;administration Pr\u00e9sident de la commission Football Pr\u00e9sident de la CRA IDF Monsieur Alexandre Roger Pr\u00e9sidente de la [&hellip;]<\/p>\n","protected":false},"author":1,"featured_media":0,"parent":0,"menu_order":0,"comment_status":"closed","ping_status":"closed","template":"","meta":{"footnotes":""},"yoast_head":"<!-- This site is optimized with the Yoast SEO plugin v20.1 - https:\/\/yoast.com\/wordpress\/plugins\/seo\/ -->\n<title>Le Comit\u00e9 Directeur &mdash; LFFA<\/title>\n<meta name=\"robots\" content=\"index, follow, max-snippet:-1, max-image-preview:large, max-video-preview:-1\" \/>\n<link rel=\"canonical\" href=\"http:\/\/l2fa.fr\/index.php\/le-comite-directeur\/\" \/>\n<meta property=\"og:locale\" content=\"fr_FR\" \/>\n<meta property=\"og:type\" content=\"article\" \/>\n<meta property=\"og:title\" content=\"Le Comit\u00e9 Directeur &mdash; LFFA\" \/>\n<meta property=\"og:description\" content=\"Le bureau \u00e9x\u00e9cutif Selon les statuts de la LFFA, les dirigeants sont \u00e9lus pour quatre ann\u00e9es lors d&rsquo;une assembl\u00e9e g\u00e9n\u00e9rale qui se tient annuellement Pr\u00e9sidente Madame Jo\u00eblle LAFOLIE Secr\u00e9taire Madame Laurence GAUDET Tr\u00e9sorier Monsieur Mathieu BOUDRY Le conseil d&rsquo;administration Pr\u00e9sident de la commission Football Pr\u00e9sident de la CRA IDF Monsieur Alexandre Roger Pr\u00e9sidente de la [&hellip;]\" \/>\n<meta property=\"og:url\" content=\"http:\/\/l2fa.fr\/index.php\/le-comite-directeur\/\" \/>\n<meta property=\"og:site_name\" content=\"LFFA\" \/>\n<meta property=\"article:publisher\" content=\"https:\/\/www.facebook.com\/ETR-LFFA-1671643706485112\/\" \/>\n<meta property=\"article:modified_time\" content=\"2024-09-17T08:29:02+00:00\" \/>\n<meta name=\"twitter:card\" content=\"summary_large_image\" \/>\n<meta name=\"twitter:label1\" content=\"Dur\u00e9e de lecture estim\u00e9e\" \/>\n\t<meta name=\"twitter:data1\" content=\"1 minute\" \/>\n<script type=\"application\/ld+json\" class=\"yoast-schema-graph\">{\"@context\":\"https:\/\/schema.org\",\"@graph\":[{\"@type\":\"WebPage\",\"@id\":\"http:\/\/l2fa.fr\/index.php\/le-comite-directeur\/\",\"url\":\"http:\/\/l2fa.fr\/index.php\/le-comite-directeur\/\",\"name\":\"Le Comit\u00e9 Directeur &mdash; LFFA\",\"isPartOf\":{\"@id\":\"https:\/\/l2fa.fr\/#website\"},\"datePublished\":\"2019-06-03T08:24:32+00:00\",\"dateModified\":\"2024-09-17T08:29:02+00:00\",\"breadcrumb\":{\"@id\":\"http:\/\/l2fa.fr\/index.php\/le-comite-directeur\/#breadcrumb\"},\"inLanguage\":\"fr-FR\",\"potentialAction\":[{\"@type\":\"ReadAction\",\"target\":[\"http:\/\/l2fa.fr\/index.php\/le-comite-directeur\/\"]}]},{\"@type\":\"BreadcrumbList\",\"@id\":\"http:\/\/l2fa.fr\/index.php\/le-comite-directeur\/#breadcrumb\",\"itemListElement\":[{\"@type\":\"ListItem\",\"position\":1,\"name\":\"Accueil\",\"item\":\"https:\/\/l2fa.fr\/\"},{\"@type\":\"ListItem\",\"position\":2,\"name\":\"Le Comit\u00e9 Directeur\"}]},{\"@type\":\"WebSite\",\"@id\":\"https:\/\/l2fa.fr\/#website\",\"url\":\"https:\/\/l2fa.fr\/\",\"name\":\"LFFA\",\"description\":\"Site officiel de la Ligue Francilienne de Football Am\u00e9ricain, de Flag Football et de Cheerleading\",\"publisher\":{\"@id\":\"https:\/\/l2fa.fr\/#organization\"},\"potentialAction\":[{\"@type\":\"SearchAction\",\"target\":{\"@type\":\"EntryPoint\",\"urlTemplate\":\"https:\/\/l2fa.fr\/?s={search_term_string}\"},\"query-input\":\"required name=search_term_string\"}],\"inLanguage\":\"fr-FR\"},{\"@type\":\"Organization\",\"@id\":\"https:\/\/l2fa.fr\/#organization\",\"name\":\"l2fa\",\"url\":\"https:\/\/l2fa.fr\/\",\"logo\":{\"@type\":\"ImageObject\",\"inLanguage\":\"fr-FR\",\"@id\":\"https:\/\/l2fa.fr\/#\/schema\/logo\/image\/\",\"url\":\"http:\/\/l2fa.fr\/wp-content\/uploads\/2019\/05\/logo-LFFA_shadow-e1559319879386.png\",\"contentUrl\":\"http:\/\/l2fa.fr\/wp-content\/uploads\/2019\/05\/logo-LFFA_shadow-e1559319879386.png\",\"width\":500,\"height\":559,\"caption\":\"l2fa\"},\"image\":{\"@id\":\"https:\/\/l2fa.fr\/#\/schema\/logo\/image\/\"},\"sameAs\":[\"https:\/\/www.facebook.com\/ETR-LFFA-1671643706485112\/\"]}]}<\/script>\n<!-- \/ Yoast SEO plugin. -->","yoast_head_json":{"title":"Le Comit\u00e9 Directeur &mdash; LFFA","robots":{"index":"index","follow":"follow","max-snippet":"max-snippet:-1","max-image-preview":"max-image-preview:large","max-video-preview":"max-video-preview:-1"},"canonical":"http:\/\/l2fa.fr\/index.php\/le-comite-directeur\/","og_locale":"fr_FR","og_type":"article","og_title":"Le Comit\u00e9 Directeur &mdash; LFFA","og_description":"Le bureau \u00e9x\u00e9cutif Selon les statuts de la LFFA, les dirigeants sont \u00e9lus pour quatre ann\u00e9es lors d&rsquo;une assembl\u00e9e g\u00e9n\u00e9rale qui se tient annuellement Pr\u00e9sidente Madame Jo\u00eblle LAFOLIE Secr\u00e9taire Madame Laurence GAUDET Tr\u00e9sorier Monsieur Mathieu BOUDRY Le conseil d&rsquo;administration Pr\u00e9sident de la commission Football Pr\u00e9sident de la CRA IDF Monsieur Alexandre Roger Pr\u00e9sidente de la [&hellip;]","og_url":"http:\/\/l2fa.fr\/index.php\/le-comite-directeur\/","og_site_name":"LFFA","article_publisher":"https:\/\/www.facebook.com\/ETR-LFFA-1671643706485112\/","article_modified_time":"2024-09-17T08:29:02+00:00","twitter_card":"summary_large_image","twitter_misc":{"Dur\u00e9e de lecture estim\u00e9e":"1 minute"},"schema":{"@context":"https:\/\/schema.org","@graph":[{"@type":"WebPage","@id":"http:\/\/l2fa.fr\/index.php\/le-comite-directeur\/","url":"http:\/\/l2fa.fr\/index.php\/le-comite-directeur\/","name":"Le Comit\u00e9 Directeur &mdash; LFFA","isPartOf":{"@id":"https:\/\/l2fa.fr\/#website"},"datePublished":"2019-06-03T08:24:32+00:00","dateModified":"2024-09-17T08:29:02+00:00","breadcrumb":{"@id":"http:\/\/l2fa.fr\/index.php\/le-comite-directeur\/#breadcrumb"},"inLanguage":"fr-FR","potentialAction":[{"@type":"ReadAction","target":["http:\/\/l2fa.fr\/index.php\/le-comite-directeur\/"]}]},{"@type":"BreadcrumbList","@id":"http:\/\/l2fa.fr\/index.php\/le-comite-directeur\/#breadcrumb","itemListElement":[{"@type":"ListItem","position":1,"name":"Accueil","item":"https:\/\/l2fa.fr\/"},{"@type":"ListItem","position":2,"name":"Le Comit\u00e9 Directeur"}]},{"@type":"WebSite","@id":"https:\/\/l2fa.fr\/#website","url":"https:\/\/l2fa.fr\/","name":"LFFA","description":"Site officiel de la Ligue Francilienne de Football Am\u00e9ricain, de Flag Football et de Cheerleading","publisher":{"@id":"https:\/\/l2fa.fr\/#organization"},"potentialAction":[{"@type":"SearchAction","target":{"@type":"EntryPoint","urlTemplate":"https:\/\/l2fa.fr\/?s={search_term_string}"},"query-input":"required name=search_term_string"}],"inLanguage":"fr-FR"},{"@type":"Organization","@id":"https:\/\/l2fa.fr\/#organization","name":"l2fa","url":"https:\/\/l2fa.fr\/","logo":{"@type":"ImageObject","inLanguage":"fr-FR","@id":"https:\/\/l2fa.fr\/#\/schema\/logo\/image\/","url":"http:\/\/l2fa.fr\/wp-content\/uploads\/2019\/05\/logo-LFFA_shadow-e1559319879386.png","contentUrl":"http:\/\/l2fa.fr\/wp-content\/uploads\/2019\/05\/logo-LFFA_shadow-e1559319879386.png","width":500,"height":559,"caption":"l2fa"},"image":{"@id":"https:\/\/l2fa.fr\/#\/schema\/logo\/image\/"},"sameAs":["https:\/\/www.facebook.com\/ETR-LFFA-1671643706485112\/"]}]}},"_links":{"self":[{"href":"https:\/\/l2fa.fr\/index.php\/wp-json\/wp\/v2\/pages\/33"}],"collection":[{"href":"https:\/\/l2fa.fr\/index.php\/wp-json\/wp\/v2\/pages"}],"about":[{"href":"https:\/\/l2fa.fr\/index.php\/wp-json\/wp\/v2\/types\/page"}],"author":[{"embeddable":true,"href":"https:\/\/l2fa.fr\/index.php\/wp-json\/wp\/v2\/users\/1"}],"replies":[{"embeddable":true,"href":"https:\/\/l2fa.fr\/index.php\/wp-json\/wp\/v2\/comments?post=33"}],"version-history":[{"count":10,"href":"https:\/\/l2fa.fr\/index.php\/wp-json\/wp\/v2\/pages\/33\/revisions"}],"predecessor-version":[{"id":3390,"href":"https:\/\/l2fa.fr\/index.php\/wp-json\/wp\/v2\/pages\/33\/revisions\/3390"}],"wp:attachment":[{"href":"https:\/\/l2fa.fr\/index.php\/wp-json\/wp\/v2\/media?parent=33"}],"curies":[{"name":"wp","href":"https:\/\/api.w.org\/{rel}","templated":true}]}}