{"id":2577,"date":"2022-09-02T13:08:34","date_gmt":"2022-09-02T11:08:34","guid":{"rendered":"https:\/\/l2fa.fr\/?page_id=2577"},"modified":"2023-06-02T14:28:05","modified_gmt":"2023-06-02T12:28:05","slug":"challenge-3fl-jeunes-2022-2023","status":"publish","type":"page","link":"https:\/\/l2fa.fr\/index.php\/challenge-3fl-jeunes-2022-2023\/","title":{"rendered":"Challenge 3FL Jeunes 2022\/2023"},"content":{"rendered":"\n<div style=\"height:100px\" aria-hidden=\"true\" class=\"wp-block-spacer\"><\/div>\n\n\n\n<h2 class=\"wp-block-heading\"><br>Samedi 08 Octobre 2022<\/h2>\n\n\n\n<p><strong>Tournoi 3FL Jeunes #1<\/strong>&nbsp;\u00e0 Villepinte (Diables Rouges) \u2013 10h<br>Equipes pr\u00e9sentes: Diables Rouges (U13, U15 et U17), Advent&rsquo;s\/Spiders (U15 et U17), Flash (U15 et U17) Molosses (U13 et U17), Nighthawks (U17) et Ogres (U15 et U17)<\/p>\n\n\n\n<p><\/p>\n\n\n\n<h2 class=\"wp-block-heading\">Samedi 12 Novembre 2022<\/h2>\n\n\n\n<p><strong><strong>Tournoi 3FL Jeunes #<\/strong><\/strong>2&nbsp;\u00e0 Magny le Hongre (Spiders) \u2013 10h<br>Equipes pr\u00e9sentes: Advent&rsquo;s\/Spiders (U11, U13 et U17), Diables Rouges (U13, U15 et U17) Flash (U15 et U17), Quarks (U11, U13 et U17), M\u00e9t\u00e9ores (U11 et U15) et Nighthawks (U17)<\/p>\n\n\n\n<p><\/p>\n\n\n\n<h2 class=\"wp-block-heading\">Samedi 03 D\u00e9cembre 2022<\/h2>\n\n\n\n<p><strong><strong>Tournoi 3FL Jeunes #<\/strong><\/strong>3&nbsp;\u00e0 Paris (Dragons\/Gavroches) \u2013 10h<br>Equipes pr\u00e9sentes: Dragons\/Gavroches (U15 et U17), Advent&rsquo;s\/Spiders (U11 et U13), Cougars (U15), Flash (U15 et U17), M\u00e9t\u00e9ores (U11 et U15), Molosses (U13) et Nighthawks (U17) <\/p>\n\n\n\n<p><\/p>\n\n\n\n<h2 class=\"wp-block-heading\">Dimanche 15 Janvier 2023<\/h2>\n\n\n\n<p><strong><strong>Tournoi 3FL Jeunes #<\/strong><\/strong>4&nbsp;\u00e0 Fontenay sous Bois (M\u00e9t\u00e9ores) \u2013 10h<br>Equipes pr\u00e9sentes: M\u00e9t\u00e9ores (U11, U13 et U15), Advent&rsquo;s\/Spiders (U11 et U13), Diables Rouges (U13, U15 et U17), Flash (U15 et U17), Molosses (U13 et U17), Nighthawks (U17), Ogres (U15 et U17) et Quarks (U17)<\/p>\n\n\n\n<p><\/p>\n\n\n\n<h2 class=\"wp-block-heading\">Samedi 11 F\u00e9vrier 2023<\/h2>\n\n\n\n<p><strong><strong>Tournoi 3FL Jeunes #<\/strong><\/strong>5&nbsp;\u00e0 La Courneuve (Flash) \u2013 10h<br>Equipes pr\u00e9sentes: Flash (U15 et U17), Advent&rsquo;s\/Spiders (U11 et U13),  Crazy Bees (U17), Dragons\/Gavroches (U15), Diables Rouges (U13, U15 et U17), Molosses (U13), M\u00e9t\u00e9ores (U11, U13 et U15) et Ogres (U17)<\/p>\n\n\n\n<p><\/p>\n\n\n\n<h2 class=\"wp-block-heading\">Samedi 11 Mars 2023<\/h2>\n\n\n\n<p><strong><strong>Tournoi 3FL Jeunes #<\/strong><\/strong>6&nbsp;\u00e0 Val d&rsquo;Europe (Spiders\/Advent&rsquo;s) \u2013 10h<br>Equipes pr\u00e9sentes: Advent&rsquo;s\/Spiders (U11 et U13), Cougars (U15), Crazy Bees (U17), Diables Rouges (U13, U15 et U17), Flash (U15 et U17), Quarks (U11, U13 et U15) M\u00e9t\u00e9ores (U13 et U15) et Ogres (U17)<\/p>\n\n\n\n<p><\/p>\n\n\n\n<h2 class=\"wp-block-heading\"><em>Dimanche 23 Avril 2023<\/em><\/h2>\n\n\n\n<p><em><strong><strong>Tournoi 3FL Jeunes #<\/strong><\/strong>7&nbsp;\u00e0 Cr\u00e9teil (Ogres) \u2013 10h<br>Equipes pr\u00e9sentes:<\/em> ANNULE<\/p>\n\n\n\n<p><\/p>\n\n\n\n<h2 class=\"wp-block-heading\">Samedi 27 Mai 2023<\/h2>\n\n\n\n<p><strong><strong>Tournoi 3FL Jeunes #<\/strong><\/strong>8&nbsp;\u00e0 Sartrouville (Nighthawks) \u2013 10h<br>Equipes pr\u00e9sentes: Nighthawks (U17), Diables Rouges (U13, U15 et U17), Dragons (U13 et U15), Molosses (U13),  Myrmidons (U13) et Pygargues (U13)<\/p>\n\n\n\n<p><\/p>\n\n\n\n<h2 class=\"wp-block-heading\">Samedi 10 Juin 2023<\/h2>\n\n\n\n<p><strong><strong>Tournoi 3FL Jeunes #<\/strong><\/strong>9\u00a0\u00e0 Villepinte (Diables Rouges) \u2013 9h30<br>Equipes pr\u00e9sentes: Diables Rouges (U13, U15 et U17), CDFA77 (U17), Crazy Bees (U17), Dragons (U13 et U15), Flash (U15 et U17), Molosses (U13), Myrmidons (U13) et Pygargues (U13)<\/p>\n","protected":false},"excerpt":{"rendered":"<p>Samedi 08 Octobre 2022 Tournoi 3FL Jeunes #1&nbsp;\u00e0 Villepinte (Diables Rouges) \u2013 10hEquipes pr\u00e9sentes: Diables Rouges (U13, U15 et U17), Advent&rsquo;s\/Spiders (U15 et U17), Flash (U15 et U17) Molosses (U13 et U17), Nighthawks (U17) et Ogres (U15 et U17) Samedi 12 Novembre 2022 Tournoi 3FL Jeunes #2&nbsp;\u00e0 Magny le Hongre (Spiders) \u2013 10hEquipes pr\u00e9sentes: Advent&rsquo;s\/Spiders [&hellip;]<\/p>\n","protected":false},"author":1,"featured_media":0,"parent":0,"menu_order":0,"comment_status":"closed","ping_status":"closed","template":"","meta":{"footnotes":""},"yoast_head":"<!-- This site is optimized with the Yoast SEO plugin v20.1 - https:\/\/yoast.com\/wordpress\/plugins\/seo\/ -->\n<title>Challenge 3FL Jeunes 2022\/2023 &mdash; LFFA<\/title>\n<meta name=\"robots\" content=\"index, follow, max-snippet:-1, max-image-preview:large, max-video-preview:-1\" \/>\n<link rel=\"canonical\" href=\"https:\/\/l2fa.fr\/index.php\/challenge-3fl-jeunes-2022-2023\/\" \/>\n<meta property=\"og:locale\" content=\"fr_FR\" \/>\n<meta property=\"og:type\" content=\"article\" \/>\n<meta property=\"og:title\" content=\"Challenge 3FL Jeunes 2022\/2023 &mdash; LFFA\" \/>\n<meta property=\"og:description\" content=\"Samedi 08 Octobre 2022 Tournoi 3FL Jeunes #1&nbsp;\u00e0 Villepinte (Diables Rouges) \u2013 10hEquipes pr\u00e9sentes: Diables Rouges (U13, U15 et U17), Advent&rsquo;s\/Spiders (U15 et U17), Flash (U15 et U17) Molosses (U13 et U17), Nighthawks (U17) et Ogres (U15 et U17) Samedi 12 Novembre 2022 Tournoi 3FL Jeunes #2&nbsp;\u00e0 Magny le Hongre (Spiders) \u2013 10hEquipes pr\u00e9sentes: Advent&rsquo;s\/Spiders [&hellip;]\" \/>\n<meta property=\"og:url\" content=\"https:\/\/l2fa.fr\/index.php\/challenge-3fl-jeunes-2022-2023\/\" \/>\n<meta property=\"og:site_name\" content=\"LFFA\" \/>\n<meta property=\"article:publisher\" content=\"https:\/\/www.facebook.com\/ETR-LFFA-1671643706485112\/\" \/>\n<meta property=\"article:modified_time\" content=\"2023-06-02T12:28:05+00:00\" \/>\n<meta name=\"twitter:card\" content=\"summary_large_image\" \/>\n<meta name=\"twitter:label1\" content=\"Dur\u00e9e de lecture estim\u00e9e\" \/>\n\t<meta name=\"twitter:data1\" content=\"2 minutes\" \/>\n<script type=\"application\/ld+json\" class=\"yoast-schema-graph\">{\"@context\":\"https:\/\/schema.org\",\"@graph\":[{\"@type\":\"WebPage\",\"@id\":\"https:\/\/l2fa.fr\/index.php\/challenge-3fl-jeunes-2022-2023\/\",\"url\":\"https:\/\/l2fa.fr\/index.php\/challenge-3fl-jeunes-2022-2023\/\",\"name\":\"Challenge 3FL Jeunes 2022\/2023 &mdash; LFFA\",\"isPartOf\":{\"@id\":\"https:\/\/l2fa.fr\/#website\"},\"datePublished\":\"2022-09-02T11:08:34+00:00\",\"dateModified\":\"2023-06-02T12:28:05+00:00\",\"breadcrumb\":{\"@id\":\"https:\/\/l2fa.fr\/index.php\/challenge-3fl-jeunes-2022-2023\/#breadcrumb\"},\"inLanguage\":\"fr-FR\",\"potentialAction\":[{\"@type\":\"ReadAction\",\"target\":[\"https:\/\/l2fa.fr\/index.php\/challenge-3fl-jeunes-2022-2023\/\"]}]},{\"@type\":\"BreadcrumbList\",\"@id\":\"https:\/\/l2fa.fr\/index.php\/challenge-3fl-jeunes-2022-2023\/#breadcrumb\",\"itemListElement\":[{\"@type\":\"ListItem\",\"position\":1,\"name\":\"Accueil\",\"item\":\"https:\/\/l2fa.fr\/\"},{\"@type\":\"ListItem\",\"position\":2,\"name\":\"Challenge 3FL Jeunes 2022\/2023\"}]},{\"@type\":\"WebSite\",\"@id\":\"https:\/\/l2fa.fr\/#website\",\"url\":\"https:\/\/l2fa.fr\/\",\"name\":\"LFFA\",\"description\":\"Site officiel de la Ligue Francilienne de Football Am\u00e9ricain, de Flag Football et de Cheerleading\",\"publisher\":{\"@id\":\"https:\/\/l2fa.fr\/#organization\"},\"potentialAction\":[{\"@type\":\"SearchAction\",\"target\":{\"@type\":\"EntryPoint\",\"urlTemplate\":\"https:\/\/l2fa.fr\/?s={search_term_string}\"},\"query-input\":\"required name=search_term_string\"}],\"inLanguage\":\"fr-FR\"},{\"@type\":\"Organization\",\"@id\":\"https:\/\/l2fa.fr\/#organization\",\"name\":\"l2fa\",\"url\":\"https:\/\/l2fa.fr\/\",\"logo\":{\"@type\":\"ImageObject\",\"inLanguage\":\"fr-FR\",\"@id\":\"https:\/\/l2fa.fr\/#\/schema\/logo\/image\/\",\"url\":\"http:\/\/l2fa.fr\/wp-content\/uploads\/2019\/05\/logo-LFFA_shadow-e1559319879386.png\",\"contentUrl\":\"http:\/\/l2fa.fr\/wp-content\/uploads\/2019\/05\/logo-LFFA_shadow-e1559319879386.png\",\"width\":500,\"height\":559,\"caption\":\"l2fa\"},\"image\":{\"@id\":\"https:\/\/l2fa.fr\/#\/schema\/logo\/image\/\"},\"sameAs\":[\"https:\/\/www.facebook.com\/ETR-LFFA-1671643706485112\/\"]}]}<\/script>\n<!-- \/ Yoast SEO plugin. -->","yoast_head_json":{"title":"Challenge 3FL Jeunes 2022\/2023 &mdash; LFFA","robots":{"index":"index","follow":"follow","max-snippet":"max-snippet:-1","max-image-preview":"max-image-preview:large","max-video-preview":"max-video-preview:-1"},"canonical":"https:\/\/l2fa.fr\/index.php\/challenge-3fl-jeunes-2022-2023\/","og_locale":"fr_FR","og_type":"article","og_title":"Challenge 3FL Jeunes 2022\/2023 &mdash; LFFA","og_description":"Samedi 08 Octobre 2022 Tournoi 3FL Jeunes #1&nbsp;\u00e0 Villepinte (Diables Rouges) \u2013 10hEquipes pr\u00e9sentes: Diables Rouges (U13, U15 et U17), Advent&rsquo;s\/Spiders (U15 et U17), Flash (U15 et U17) Molosses (U13 et U17), Nighthawks (U17) et Ogres (U15 et U17) Samedi 12 Novembre 2022 Tournoi 3FL Jeunes #2&nbsp;\u00e0 Magny le Hongre (Spiders) \u2013 10hEquipes pr\u00e9sentes: Advent&rsquo;s\/Spiders [&hellip;]","og_url":"https:\/\/l2fa.fr\/index.php\/challenge-3fl-jeunes-2022-2023\/","og_site_name":"LFFA","article_publisher":"https:\/\/www.facebook.com\/ETR-LFFA-1671643706485112\/","article_modified_time":"2023-06-02T12:28:05+00:00","twitter_card":"summary_large_image","twitter_misc":{"Dur\u00e9e de lecture estim\u00e9e":"2 minutes"},"schema":{"@context":"https:\/\/schema.org","@graph":[{"@type":"WebPage","@id":"https:\/\/l2fa.fr\/index.php\/challenge-3fl-jeunes-2022-2023\/","url":"https:\/\/l2fa.fr\/index.php\/challenge-3fl-jeunes-2022-2023\/","name":"Challenge 3FL Jeunes 2022\/2023 &mdash; LFFA","isPartOf":{"@id":"https:\/\/l2fa.fr\/#website"},"datePublished":"2022-09-02T11:08:34+00:00","dateModified":"2023-06-02T12:28:05+00:00","breadcrumb":{"@id":"https:\/\/l2fa.fr\/index.php\/challenge-3fl-jeunes-2022-2023\/#breadcrumb"},"inLanguage":"fr-FR","potentialAction":[{"@type":"ReadAction","target":["https:\/\/l2fa.fr\/index.php\/challenge-3fl-jeunes-2022-2023\/"]}]},{"@type":"BreadcrumbList","@id":"https:\/\/l2fa.fr\/index.php\/challenge-3fl-jeunes-2022-2023\/#breadcrumb","itemListElement":[{"@type":"ListItem","position":1,"name":"Accueil","item":"https:\/\/l2fa.fr\/"},{"@type":"ListItem","position":2,"name":"Challenge 3FL Jeunes 2022\/2023"}]},{"@type":"WebSite","@id":"https:\/\/l2fa.fr\/#website","url":"https:\/\/l2fa.fr\/","name":"LFFA","description":"Site officiel de la Ligue Francilienne de Football Am\u00e9ricain, de Flag Football et de Cheerleading","publisher":{"@id":"https:\/\/l2fa.fr\/#organization"},"potentialAction":[{"@type":"SearchAction","target":{"@type":"EntryPoint","urlTemplate":"https:\/\/l2fa.fr\/?s={search_term_string}"},"query-input":"required name=search_term_string"}],"inLanguage":"fr-FR"},{"@type":"Organization","@id":"https:\/\/l2fa.fr\/#organization","name":"l2fa","url":"https:\/\/l2fa.fr\/","logo":{"@type":"ImageObject","inLanguage":"fr-FR","@id":"https:\/\/l2fa.fr\/#\/schema\/logo\/image\/","url":"http:\/\/l2fa.fr\/wp-content\/uploads\/2019\/05\/logo-LFFA_shadow-e1559319879386.png","contentUrl":"http:\/\/l2fa.fr\/wp-content\/uploads\/2019\/05\/logo-LFFA_shadow-e1559319879386.png","width":500,"height":559,"caption":"l2fa"},"image":{"@id":"https:\/\/l2fa.fr\/#\/schema\/logo\/image\/"},"sameAs":["https:\/\/www.facebook.com\/ETR-LFFA-1671643706485112\/"]}]}},"_links":{"self":[{"href":"https:\/\/l2fa.fr\/index.php\/wp-json\/wp\/v2\/pages\/2577"}],"collection":[{"href":"https:\/\/l2fa.fr\/index.php\/wp-json\/wp\/v2\/pages"}],"about":[{"href":"https:\/\/l2fa.fr\/index.php\/wp-json\/wp\/v2\/types\/page"}],"author":[{"embeddable":true,"href":"https:\/\/l2fa.fr\/index.php\/wp-json\/wp\/v2\/users\/1"}],"replies":[{"embeddable":true,"href":"https:\/\/l2fa.fr\/index.php\/wp-json\/wp\/v2\/comments?post=2577"}],"version-history":[{"count":66,"href":"https:\/\/l2fa.fr\/index.php\/wp-json\/wp\/v2\/pages\/2577\/revisions"}],"predecessor-version":[{"id":2987,"href":"https:\/\/l2fa.fr\/index.php\/wp-json\/wp\/v2\/pages\/2577\/revisions\/2987"}],"wp:attachment":[{"href":"https:\/\/l2fa.fr\/index.php\/wp-json\/wp\/v2\/media?parent=2577"}],"curies":[{"name":"wp","href":"https:\/\/api.w.org\/{rel}","templated":true}]}}