{"id":250,"date":"2019-06-03T16:22:34","date_gmt":"2019-06-03T14:22:34","guid":{"rendered":"http:\/\/l2fa.fr\/?page_id=250"},"modified":"2025-01-07T07:45:15","modified_gmt":"2025-01-07T06:45:15","slug":"documents-arbitres","status":"publish","type":"page","link":"https:\/\/l2fa.fr\/index.php\/documents-arbitres\/","title":{"rendered":"Documents Arbitres"},"content":{"rendered":"\n<div style=\"height:100px\" aria-hidden=\"true\" class=\"wp-block-spacer\"><\/div>\n\n\n\n<div class=\"wp-block-group\"><div class=\"wp-block-group__inner-container is-layout-constrained wp-block-group-is-layout-constrained\">\n<figure class=\"wp-block-table\"><table><tbody><tr><td><strong>Administratif<\/strong><\/td><td><strong>Technique<\/strong><\/td><\/tr><tr><td><a href=\"http:\/\/l2fa.fr\/wp-content\/uploads\/2019\/06\/FDM-U8-U10-U12-U14.pdf\">Feuille de match&nbsp;U8\/U10\/U12\/U14 Foot US<\/a><\/td><td><a href=\"http:\/\/l2fa.fr\/wp-content\/uploads\/2023\/10\/Chgt-Regles-Complements-et-DH-23-24_FOOT-US-20231003.pdf\">Changements de r\u00e8gles FA 2023\/2024<\/a><\/td><\/tr><tr><td><a href=\"http:\/\/l2fa.fr\/wp-content\/uploads\/2020\/09\/FDM-Open-Flag-Jeunes-U8-U10-U12-U14-U16.pdf\">Feuille de match U8\/U10\/U12\/U14 Flag<\/a><\/td><td><a href=\"http:\/\/l2fa.fr\/wp-content\/uploads\/2022\/12\/Chgt-Regles-22-23_FOOT-US-20220725_Correctif-20221201.pdf\" target=\"_blank\" rel=\"noreferrer noopener\">Changements de r\u00e8gles FA 2022\/2023<\/a><\/td><\/tr><tr><td><a href=\"http:\/\/l2fa.fr\/wp-content\/uploads\/2020\/12\/Feuille-de-match_Football-Americain-VF.pdf\">Feuille de match<\/a><\/td><td><a href=\"http:\/\/l2fa.fr\/wp-content\/uploads\/2023\/11\/08-Conference-davant-match.pdf\">Fiche AP conf\u00e9rence avant-match \u00e9quipe de 7 arbitres<\/a><\/td><\/tr><tr><td><a href=\"http:\/\/l2fa.fr\/wp-content\/uploads\/2019\/10\/FDM_FA-D\u00e9l\u00e9gu\u00e9-Match-20190911.pdf\"><\/a><a href=\"http:\/\/l2fa.fr\/wp-content\/uploads\/2023\/11\/Annexe-Observations_FDM-V22-23-JPC.pdf\" target=\"_blank\" rel=\"noreferrer noopener\">Feuille de match annexe observations<\/a><\/td><td><a href=\"http:\/\/l2fa.fr\/wp-content\/uploads\/2019\/06\/Fiche-reflexe_gestion_equipearbitrage.pdf\">Fiche Reflexe bonne gestion \u00e9quipe<\/a><\/td><\/tr><tr><td><a href=\"http:\/\/l2fa.fr\/wp-content\/uploads\/2019\/06\/ft-observateur.pdf\"><\/a><a href=\"http:\/\/l2fa.fr\/wp-content\/uploads\/2023\/11\/Guide-AP-V0-0-20-21-maj20200901.pdf\" target=\"_blank\" rel=\"noreferrer noopener\">Guide AP<\/a><\/td><td><a href=\"http:\/\/l2fa.fr\/wp-content\/uploads\/2019\/06\/fichereflexe_gestionadministrative_AP.pdf\">Fiche Reflexe gestion administrative<\/a><\/td><\/tr><tr><td><a href=\"http:\/\/l2fa.fr\/wp-content\/uploads\/2019\/10\/Note-de-frais-nveau-bareme-vierge-saison-18-19-ARO.pdf\">Note de Frais CRA<\/a><\/td><td><a href=\"http:\/\/l2fa.fr\/wp-content\/uploads\/2021\/12\/14eme-Mecaniques-Edition-19-20-20200715.pdf\">M\u00e9caniques<\/a><\/td><\/tr><tr><td><a href=\"http:\/\/l2fa.fr\/wp-content\/uploads\/2019\/06\/pourplateaux_presaison_2013-2014.pdf\">Feuille de rencontre Pr\u00e9-saisons<\/a><\/td><td><a href=\"http:\/\/l2fa.fr\/wp-content\/uploads\/2023\/10\/Mecaniques-Rapides-2023-2024-V230918.pdf\" target=\"_blank\" rel=\"noreferrer noopener\">M\u00e9caniques rapides<\/a><\/td><\/tr><tr><td><a href=\"http:\/\/l2fa.fr\/wp-content\/uploads\/2020\/01\/Rapport-Incident-Administratif_Football-Americain.pdf\">Rapport d&rsquo;incident Administratif Foot US<\/a><\/td><td><a href=\"http:\/\/l2fa.fr\/wp-content\/uploads\/2020\/12\/Chgt-Re%CC%80gles-20-21_FOOT-US-20200704.pdf\">Changements de r\u00e8gles FA 2020\/2021<\/a><\/td><\/tr><tr><td><a href=\"http:\/\/l2fa.fr\/wp-content\/uploads\/2021\/10\/3FA-Rapport-Incident-Administratif-Flag-1.pdf\">Rapport d&rsquo;incident Administratif Flag<\/a><\/td><td><a href=\"http:\/\/l2fa.fr\/wp-content\/uploads\/2020\/05\/Re%CC%80gles-7x7-2018-2019-DTN-CNA.pdf\">R\u00e8gles de football 7vs7<\/a><\/td><\/tr><tr><td><a href=\"http:\/\/l2fa.fr\/wp-content\/uploads\/2020\/01\/Rapport-Incident-Administratif_Football-Americain.pdf\"><\/a><a href=\"http:\/\/l2fa.fr\/wp-content\/uploads\/2020\/01\/Rapport-Incident_Disciplinaire_Football-Americain.pdf\">Rapport d&rsquo;incident Disciplinaire Foot US<\/a><\/td><td><a href=\"http:\/\/l2fa.fr\/wp-content\/uploads\/2022\/11\/Regles-FA-2022-2023-20220725-correction2221109.pdf\">R\u00e8gles de football am\u00e9ricain<\/a><\/td><\/tr><tr><td><a href=\"http:\/\/l2fa.fr\/wp-content\/uploads\/2021\/10\/3FA-Rapport-Incident-Disciplinaire-Flag-1.pdf\">Rapport d&rsquo;incident Disciplinaire Flag<\/a><\/td><td><a href=\"http:\/\/l2fa.fr\/wp-content\/uploads\/2019\/06\/terrainfootus.pdf\">Terrain Football Am\u00e9ricain<\/a><\/td><\/tr><tr><td><a href=\"http:\/\/l2fa.fr\/wp-content\/uploads\/2019\/06\/Rapport_de_faute.pdf\">Rapport de fautes<\/a><\/td><td><a href=\"http:\/\/l2fa.fr\/wp-content\/uploads\/2019\/06\/travail_touches_2008.pdf\">Travailler sur les touches<\/a><\/td><\/tr><tr><td><a href=\"http:\/\/l2fa.fr\/wp-content\/uploads\/2019\/06\/Rapport_de_faute.pdf\"><\/a><a href=\"http:\/\/l2fa.fr\/wp-content\/uploads\/2020\/01\/Reclamation_Football-Americain.pdf\">R\u00e9clamations Foot US<\/a> <\/td><td><a href=\"http:\/\/l2fa.fr\/wp-content\/uploads\/2024\/09\/L2-TITRE-VII-RP-RELATIF-A-L-ARBITRAGE-ET-AU-JUGEMENT.pdf\">R\u00e8glement particulier \u00e0 l&rsquo;arbitrage 2024<\/a><\/td><\/tr><tr><td><a href=\"http:\/\/l2fa.fr\/wp-content\/uploads\/2021\/10\/3FA-Reclamation_Flag_Saison.pdf\">R\u00e9clamations Flag<\/a><\/td><td><a href=\"http:\/\/l2fa.fr\/wp-content\/uploads\/2020\/07\/Challenges-version-finale-terrain-vert-V2.pdf\">R\u00e8gles Challenge Special Team<\/a><\/td><\/tr><tr><td><a href=\"http:\/\/l2fa.fr\/wp-content\/uploads\/2020\/01\/Reclamation_Football-Americain.pdf\"><\/a><a href=\"http:\/\/l2fa.fr\/wp-content\/uploads\/2025\/01\/vademecum-arbitre_LFFA-2024-2025.pdf\">Vademecum Arbitre 2024 2025 <\/a><\/td><td><a href=\"http:\/\/l2fa.fr\/wp-content\/uploads\/2024\/02\/FFFA-CNA-231020-REGLES-DU-JEU-FLAG-FOOTBALL-2023.pdf\"> R\u00e8gles de flag  2023  <\/a><\/td><\/tr><tr><td><a href=\"http:\/\/l2fa.fr\/wp-content\/uploads\/2020\/02\/vademecum-arbitre_LFFA-2019-2020-1.pdf\"><\/a><a href=\"http:\/\/l2fa.fr\/wp-content\/uploads\/2019\/11\/Autorisation-Tounoi-3FL-_-Saison-2019-2020.docx\">Autorisation Tournoi 3FL<\/a><\/td><td><a href=\"http:\/\/l2fa.fr\/wp-content\/uploads\/2023\/11\/FFFA-Tutoriel-feuille-match-electronique.pdf\">Tutoriel feuille de match \u00e9lectronique<\/a><\/td><\/tr><tr><td><\/td><td><a href=\"http:\/\/l2fa.fr\/wp-content\/uploads\/2021\/12\/PPT-Delegue-de-match-CNA.pdf\">Guide du d\u00e9l\u00e9gu\u00e9 de match<\/a><\/td><\/tr><tr><td><a href=\"http:\/\/l2fa.fr\/wp-content\/uploads\/2020\/02\/Liste-arbitres-Valid\u00e9s-CNA-FA-19-20-MAJ-20200205-17h30.pdf\"><\/a><a href=\"http:\/\/l2fa.fr\/wp-content\/uploads\/2024\/02\/arbitres-club-flag-formes-en-22-et-23-LFFA.pdf\">Liste arbitres valid\u00e9s FL (MAJ janvier 2024)<\/a><\/td><td><a href=\"http:\/\/l2fa.fr\/wp-content\/uploads\/2021\/12\/14eme-Mecaniques-Edition-19-20-20200715.pdf\"><\/a><a href=\"http:\/\/l2fa.fr\/wp-content\/uploads\/2024\/08\/DIRECTIVES-24-25-dtn-mercy-rule-1.pdf\" target=\"_blank\" rel=\"noreferrer noopener\">Mercy Rule<\/a><\/td><\/tr><tr><td><a href=\"http:\/\/l2fa.fr\/wp-content\/uploads\/2020\/10\/Liste-arbitres-CNA-FLAG-20-21-MAJ-20201007.pdf\"><\/a><a href=\"http:\/\/l2fa.fr\/wp-content\/uploads\/2023\/11\/Directive-Technique-Nationale-2022-2023-DTN-CFA-U8-U16-3FL-Jeunes-16.pdf\">Organisation Tournoi 3FL Jeunes<\/a><\/td><td><a href=\"http:\/\/l2fa.fr\/wp-content\/uploads\/2020\/09\/Formulaire-Organisation-Open-Flag-Mini-Foot.pdf\">Organisation Mini Foot (U12\/U14)<\/a><\/td><\/tr><tr><td><a href=\"http:\/\/l2fa.fr\/wp-content\/uploads\/2024\/02\/delegues-flag-au-18-mars-2023.pdf\">Liste d\u00e9l\u00e9gu\u00e9s valid\u00e9s FL (mars 2023)<\/a><\/td><td><a href=\"http:\/\/l2fa.fr\/wp-content\/uploads\/2020\/10\/14-Declaration-accident-mutuelle-des-sportifs.pdf\">D\u00e9claration d&rsquo;accident<\/a><\/td><\/tr><tr><td><a href=\"http:\/\/l2fa.fr\/wp-content\/uploads\/2024\/02\/delegues-football-LFFA-MAJ-_-24-janvier-2024.pdf\">Liste d\u00e9l\u00e9gu\u00e9s FA janvier 2024<\/a><\/td><td><\/td><\/tr><tr><td><a href=\"http:\/\/l2fa.fr\/wp-content\/uploads\/2024\/12\/liste-arc-saison-2024-2025.pdf\" target=\"_blank\" rel=\"noreferrer noopener\">Liste ARC valid\u00e9s saison 24\/25<\/a><\/td><td><\/td><\/tr><tr><td><a href=\"http:\/\/l2fa.fr\/wp-content\/uploads\/2025\/01\/liste-arbitres-D1_D2-Ile-de-france-saison-2024-2025.pdf\" target=\"_blank\" rel=\"noreferrer noopener\">Liste ARC D1\/D2 valid\u00e9s saison 24\/2<\/a><a href=\"http:\/\/l2fa.fr\/wp-content\/uploads\/2025\/01\/liste-arbitres-D1_D2-Ile-de-france-saison-2024-2025.pdf\">5<\/a><\/td><td><\/td><\/tr><\/tbody><\/table><\/figure>\n<\/div><\/div>\n\n\n\n<div style=\"height:100px\" aria-hidden=\"true\" class=\"wp-block-spacer\"><\/div>\n\n\n\n<p><\/p>\n","protected":false},"excerpt":{"rendered":"<p>Administratif Technique Feuille de match&nbsp;U8\/U10\/U12\/U14 Foot US Changements de r\u00e8gles FA 2023\/2024 Feuille de match U8\/U10\/U12\/U14 Flag Changements de r\u00e8gles FA 2022\/2023 Feuille de match Fiche AP conf\u00e9rence avant-match \u00e9quipe de 7 arbitres Feuille de match annexe observations Fiche Reflexe bonne gestion \u00e9quipe Guide AP Fiche Reflexe gestion administrative Note de Frais CRA M\u00e9caniques Feuille [&hellip;]<\/p>\n","protected":false},"author":1,"featured_media":0,"parent":0,"menu_order":0,"comment_status":"closed","ping_status":"closed","template":"","meta":{"footnotes":""},"yoast_head":"<!-- This site is optimized with the Yoast SEO plugin v20.1 - https:\/\/yoast.com\/wordpress\/plugins\/seo\/ -->\n<title>Documents Arbitres &mdash; LFFA<\/title>\n<meta name=\"robots\" content=\"index, follow, max-snippet:-1, max-image-preview:large, max-video-preview:-1\" \/>\n<link rel=\"canonical\" href=\"http:\/\/l2fa.fr\/index.php\/documents-arbitres\/\" \/>\n<meta property=\"og:locale\" content=\"fr_FR\" \/>\n<meta property=\"og:type\" content=\"article\" \/>\n<meta property=\"og:title\" content=\"Documents Arbitres &mdash; LFFA\" \/>\n<meta property=\"og:description\" content=\"Administratif Technique Feuille de match&nbsp;U8\/U10\/U12\/U14 Foot US Changements de r\u00e8gles FA 2023\/2024 Feuille de match U8\/U10\/U12\/U14 Flag Changements de r\u00e8gles FA 2022\/2023 Feuille de match Fiche AP conf\u00e9rence avant-match \u00e9quipe de 7 arbitres Feuille de match annexe observations Fiche Reflexe bonne gestion \u00e9quipe Guide AP Fiche Reflexe gestion administrative Note de Frais CRA M\u00e9caniques Feuille [&hellip;]\" \/>\n<meta property=\"og:url\" content=\"http:\/\/l2fa.fr\/index.php\/documents-arbitres\/\" \/>\n<meta property=\"og:site_name\" content=\"LFFA\" \/>\n<meta property=\"article:publisher\" content=\"https:\/\/www.facebook.com\/ETR-LFFA-1671643706485112\/\" \/>\n<meta property=\"article:modified_time\" content=\"2025-01-07T06:45:15+00:00\" \/>\n<meta name=\"twitter:card\" content=\"summary_large_image\" \/>\n<meta name=\"twitter:label1\" content=\"Dur\u00e9e de lecture estim\u00e9e\" \/>\n\t<meta name=\"twitter:data1\" content=\"1 minute\" \/>\n<script type=\"application\/ld+json\" class=\"yoast-schema-graph\">{\"@context\":\"https:\/\/schema.org\",\"@graph\":[{\"@type\":\"WebPage\",\"@id\":\"http:\/\/l2fa.fr\/index.php\/documents-arbitres\/\",\"url\":\"http:\/\/l2fa.fr\/index.php\/documents-arbitres\/\",\"name\":\"Documents Arbitres &mdash; LFFA\",\"isPartOf\":{\"@id\":\"https:\/\/l2fa.fr\/#website\"},\"datePublished\":\"2019-06-03T14:22:34+00:00\",\"dateModified\":\"2025-01-07T06:45:15+00:00\",\"breadcrumb\":{\"@id\":\"http:\/\/l2fa.fr\/index.php\/documents-arbitres\/#breadcrumb\"},\"inLanguage\":\"fr-FR\",\"potentialAction\":[{\"@type\":\"ReadAction\",\"target\":[\"http:\/\/l2fa.fr\/index.php\/documents-arbitres\/\"]}]},{\"@type\":\"BreadcrumbList\",\"@id\":\"http:\/\/l2fa.fr\/index.php\/documents-arbitres\/#breadcrumb\",\"itemListElement\":[{\"@type\":\"ListItem\",\"position\":1,\"name\":\"Accueil\",\"item\":\"https:\/\/l2fa.fr\/\"},{\"@type\":\"ListItem\",\"position\":2,\"name\":\"Documents Arbitres\"}]},{\"@type\":\"WebSite\",\"@id\":\"https:\/\/l2fa.fr\/#website\",\"url\":\"https:\/\/l2fa.fr\/\",\"name\":\"LFFA\",\"description\":\"Site officiel de la Ligue Francilienne de Football Am\u00e9ricain, de Flag Football et de Cheerleading\",\"publisher\":{\"@id\":\"https:\/\/l2fa.fr\/#organization\"},\"potentialAction\":[{\"@type\":\"SearchAction\",\"target\":{\"@type\":\"EntryPoint\",\"urlTemplate\":\"https:\/\/l2fa.fr\/?s={search_term_string}\"},\"query-input\":\"required name=search_term_string\"}],\"inLanguage\":\"fr-FR\"},{\"@type\":\"Organization\",\"@id\":\"https:\/\/l2fa.fr\/#organization\",\"name\":\"l2fa\",\"url\":\"https:\/\/l2fa.fr\/\",\"logo\":{\"@type\":\"ImageObject\",\"inLanguage\":\"fr-FR\",\"@id\":\"https:\/\/l2fa.fr\/#\/schema\/logo\/image\/\",\"url\":\"http:\/\/l2fa.fr\/wp-content\/uploads\/2019\/05\/logo-LFFA_shadow-e1559319879386.png\",\"contentUrl\":\"http:\/\/l2fa.fr\/wp-content\/uploads\/2019\/05\/logo-LFFA_shadow-e1559319879386.png\",\"width\":500,\"height\":559,\"caption\":\"l2fa\"},\"image\":{\"@id\":\"https:\/\/l2fa.fr\/#\/schema\/logo\/image\/\"},\"sameAs\":[\"https:\/\/www.facebook.com\/ETR-LFFA-1671643706485112\/\"]}]}<\/script>\n<!-- \/ Yoast SEO plugin. -->","yoast_head_json":{"title":"Documents Arbitres &mdash; LFFA","robots":{"index":"index","follow":"follow","max-snippet":"max-snippet:-1","max-image-preview":"max-image-preview:large","max-video-preview":"max-video-preview:-1"},"canonical":"http:\/\/l2fa.fr\/index.php\/documents-arbitres\/","og_locale":"fr_FR","og_type":"article","og_title":"Documents Arbitres &mdash; LFFA","og_description":"Administratif Technique Feuille de match&nbsp;U8\/U10\/U12\/U14 Foot US Changements de r\u00e8gles FA 2023\/2024 Feuille de match U8\/U10\/U12\/U14 Flag Changements de r\u00e8gles FA 2022\/2023 Feuille de match Fiche AP conf\u00e9rence avant-match \u00e9quipe de 7 arbitres Feuille de match annexe observations Fiche Reflexe bonne gestion \u00e9quipe Guide AP Fiche Reflexe gestion administrative Note de Frais CRA M\u00e9caniques Feuille [&hellip;]","og_url":"http:\/\/l2fa.fr\/index.php\/documents-arbitres\/","og_site_name":"LFFA","article_publisher":"https:\/\/www.facebook.com\/ETR-LFFA-1671643706485112\/","article_modified_time":"2025-01-07T06:45:15+00:00","twitter_card":"summary_large_image","twitter_misc":{"Dur\u00e9e de lecture estim\u00e9e":"1 minute"},"schema":{"@context":"https:\/\/schema.org","@graph":[{"@type":"WebPage","@id":"http:\/\/l2fa.fr\/index.php\/documents-arbitres\/","url":"http:\/\/l2fa.fr\/index.php\/documents-arbitres\/","name":"Documents Arbitres &mdash; LFFA","isPartOf":{"@id":"https:\/\/l2fa.fr\/#website"},"datePublished":"2019-06-03T14:22:34+00:00","dateModified":"2025-01-07T06:45:15+00:00","breadcrumb":{"@id":"http:\/\/l2fa.fr\/index.php\/documents-arbitres\/#breadcrumb"},"inLanguage":"fr-FR","potentialAction":[{"@type":"ReadAction","target":["http:\/\/l2fa.fr\/index.php\/documents-arbitres\/"]}]},{"@type":"BreadcrumbList","@id":"http:\/\/l2fa.fr\/index.php\/documents-arbitres\/#breadcrumb","itemListElement":[{"@type":"ListItem","position":1,"name":"Accueil","item":"https:\/\/l2fa.fr\/"},{"@type":"ListItem","position":2,"name":"Documents Arbitres"}]},{"@type":"WebSite","@id":"https:\/\/l2fa.fr\/#website","url":"https:\/\/l2fa.fr\/","name":"LFFA","description":"Site officiel de la Ligue Francilienne de Football Am\u00e9ricain, de Flag Football et de Cheerleading","publisher":{"@id":"https:\/\/l2fa.fr\/#organization"},"potentialAction":[{"@type":"SearchAction","target":{"@type":"EntryPoint","urlTemplate":"https:\/\/l2fa.fr\/?s={search_term_string}"},"query-input":"required name=search_term_string"}],"inLanguage":"fr-FR"},{"@type":"Organization","@id":"https:\/\/l2fa.fr\/#organization","name":"l2fa","url":"https:\/\/l2fa.fr\/","logo":{"@type":"ImageObject","inLanguage":"fr-FR","@id":"https:\/\/l2fa.fr\/#\/schema\/logo\/image\/","url":"http:\/\/l2fa.fr\/wp-content\/uploads\/2019\/05\/logo-LFFA_shadow-e1559319879386.png","contentUrl":"http:\/\/l2fa.fr\/wp-content\/uploads\/2019\/05\/logo-LFFA_shadow-e1559319879386.png","width":500,"height":559,"caption":"l2fa"},"image":{"@id":"https:\/\/l2fa.fr\/#\/schema\/logo\/image\/"},"sameAs":["https:\/\/www.facebook.com\/ETR-LFFA-1671643706485112\/"]}]}},"_links":{"self":[{"href":"https:\/\/l2fa.fr\/index.php\/wp-json\/wp\/v2\/pages\/250"}],"collection":[{"href":"https:\/\/l2fa.fr\/index.php\/wp-json\/wp\/v2\/pages"}],"about":[{"href":"https:\/\/l2fa.fr\/index.php\/wp-json\/wp\/v2\/types\/page"}],"author":[{"embeddable":true,"href":"https:\/\/l2fa.fr\/index.php\/wp-json\/wp\/v2\/users\/1"}],"replies":[{"embeddable":true,"href":"https:\/\/l2fa.fr\/index.php\/wp-json\/wp\/v2\/comments?post=250"}],"version-history":[{"count":101,"href":"https:\/\/l2fa.fr\/index.php\/wp-json\/wp\/v2\/pages\/250\/revisions"}],"predecessor-version":[{"id":3733,"href":"https:\/\/l2fa.fr\/index.php\/wp-json\/wp\/v2\/pages\/250\/revisions\/3733"}],"wp:attachment":[{"href":"https:\/\/l2fa.fr\/index.php\/wp-json\/wp\/v2\/media?parent=250"}],"curies":[{"name":"wp","href":"https:\/\/api.w.org\/{rel}","templated":true}]}}