{"id":2436,"date":"2022-04-01T13:23:56","date_gmt":"2022-04-01T11:23:56","guid":{"rendered":"https:\/\/l2fa.fr\/?page_id=2436"},"modified":"2022-05-23T11:57:03","modified_gmt":"2022-05-23T09:57:03","slug":"discipline","status":"publish","type":"page","link":"https:\/\/l2fa.fr\/index.php\/discipline\/","title":{"rendered":"Discipline"},"content":{"rendered":"\n<p><\/p>\n\n\n\n<h2 class=\"wp-block-heading\">D\u00e9cision commission de discipline du 22 Mars 2022 :<\/h2>\n\n\n\n<figure class=\"wp-block-table\"><table><tbody><tr><td class=\"has-text-align-center\" data-align=\"center\">Date du match<\/td><td class=\"has-text-align-center\" data-align=\"center\">Cat\u00e9gorie<\/td><td class=\"has-text-align-center\" data-align=\"center\">Equipe<\/td><td class=\"has-text-align-center\" data-align=\"center\">Qui est sanctionn\u00e9<\/td><td class=\"has-text-align-center\" data-align=\"center\">Type d&rsquo;\u00e9venement<\/td><td class=\"has-text-align-center\" data-align=\"center\">Sanction<\/td><\/tr><tr><td class=\"has-text-align-center\" data-align=\"center\">06 Mars 2022<\/td><td class=\"has-text-align-center\" data-align=\"center\">Senior R\u00e9gional<\/td><td class=\"has-text-align-center\" data-align=\"center\">Black Phoenix<\/td><td class=\"has-text-align-center\" data-align=\"center\">Joueur<\/td><td class=\"has-text-align-center\" data-align=\"center\">Insultes et Coups<\/td><td class=\"has-text-align-center\" data-align=\"center\">5 Matchs (jusqu&rsquo;au 21\/05\/22) + 2 sursis<\/td><\/tr><\/tbody><\/table><\/figure>\n\n\n\n<h2 class=\"wp-block-heading\">D\u00e9cision commission de discipline du 12 Mai 2022 :<\/h2>\n\n\n\n<figure class=\"wp-block-table\"><table><tbody><tr><td class=\"has-text-align-center\" data-align=\"center\">Date du match<\/td><td class=\"has-text-align-center\" data-align=\"center\">Cat\u00e9gorie<\/td><td class=\"has-text-align-center\" data-align=\"center\">Equipe<\/td><td class=\"has-text-align-center\" data-align=\"center\">Qui est sanctionn\u00e9<\/td><td class=\"has-text-align-center\" data-align=\"center\">Type d&rsquo;\u00e9venement<\/td><td class=\"has-text-align-center\" data-align=\"center\">Sanction<\/td><\/tr><tr><td class=\"has-text-align-center\" data-align=\"center\">08 Mai 2022<\/td><td class=\"has-text-align-center\" data-align=\"center\">Senior R\u00e9gional<\/td><td class=\"has-text-align-center\" data-align=\"center\">Pendragons<\/td><td class=\"has-text-align-center\" data-align=\"center\">Joueur<\/td><td class=\"has-text-align-center\" data-align=\"center\">Expulsion<\/td><td class=\"has-text-align-center\" data-align=\"center\">1 Match<\/td><\/tr><\/tbody><\/table><\/figure>\n\n\n\n<h2 class=\"wp-block-heading\">D\u00e9cision commission de discipline du 18 Mai 2022 :<\/h2>\n\n\n\n<figure class=\"wp-block-table\"><table><tbody><tr><td class=\"has-text-align-center\" data-align=\"center\">Date du match<\/td><td class=\"has-text-align-center\" data-align=\"center\">Cat\u00e9gorie<\/td><td class=\"has-text-align-center\" data-align=\"center\">Equipe<\/td><td class=\"has-text-align-center\" data-align=\"center\">Qui est sanctionn\u00e9<\/td><td class=\"has-text-align-center\" data-align=\"center\">Type d&rsquo;\u00e9venement<\/td><td class=\"has-text-align-center\" data-align=\"center\">Sanction<\/td><\/tr><tr><td class=\"has-text-align-center\" data-align=\"center\">08 Mai 2022<\/td><td class=\"has-text-align-center\" data-align=\"center\">Senior R\u00e9gional<\/td><td class=\"has-text-align-center\" data-align=\"center\">Spiders<\/td><td class=\"has-text-align-center\" data-align=\"center\">Joueur<\/td><td class=\"has-text-align-center\" data-align=\"center\">Expulsion<\/td><td class=\"has-text-align-center\" data-align=\"center\">1 Match<\/td><\/tr><\/tbody><\/table><\/figure>\n","protected":false},"excerpt":{"rendered":"<p>D\u00e9cision commission de discipline du 22 Mars 2022 : Date du match Cat\u00e9gorie Equipe Qui est sanctionn\u00e9 Type d&rsquo;\u00e9venement Sanction 06 Mars 2022 Senior R\u00e9gional Black Phoenix Joueur Insultes et Coups 5 Matchs (jusqu&rsquo;au 21\/05\/22) + 2 sursis D\u00e9cision commission de discipline du 12 Mai 2022 : Date du match Cat\u00e9gorie Equipe Qui est sanctionn\u00e9 [&hellip;]<\/p>\n","protected":false},"author":1,"featured_media":0,"parent":0,"menu_order":0,"comment_status":"closed","ping_status":"closed","template":"","meta":{"footnotes":""},"yoast_head":"<!-- This site is optimized with the Yoast SEO plugin v20.1 - https:\/\/yoast.com\/wordpress\/plugins\/seo\/ -->\n<title>Discipline &mdash; LFFA<\/title>\n<meta name=\"robots\" content=\"index, follow, max-snippet:-1, max-image-preview:large, max-video-preview:-1\" \/>\n<link rel=\"canonical\" href=\"https:\/\/l2fa.fr\/index.php\/discipline\/\" \/>\n<meta property=\"og:locale\" content=\"fr_FR\" \/>\n<meta property=\"og:type\" content=\"article\" \/>\n<meta property=\"og:title\" content=\"Discipline &mdash; LFFA\" \/>\n<meta property=\"og:description\" content=\"D\u00e9cision commission de discipline du 22 Mars 2022 : Date du match Cat\u00e9gorie Equipe Qui est sanctionn\u00e9 Type d&rsquo;\u00e9venement Sanction 06 Mars 2022 Senior R\u00e9gional Black Phoenix Joueur Insultes et Coups 5 Matchs (jusqu&rsquo;au 21\/05\/22) + 2 sursis D\u00e9cision commission de discipline du 12 Mai 2022 : Date du match Cat\u00e9gorie Equipe Qui est sanctionn\u00e9 [&hellip;]\" \/>\n<meta property=\"og:url\" content=\"https:\/\/l2fa.fr\/index.php\/discipline\/\" \/>\n<meta property=\"og:site_name\" content=\"LFFA\" \/>\n<meta property=\"article:publisher\" content=\"https:\/\/www.facebook.com\/ETR-LFFA-1671643706485112\/\" \/>\n<meta property=\"article:modified_time\" content=\"2022-05-23T09:57:03+00:00\" \/>\n<meta name=\"twitter:card\" content=\"summary_large_image\" \/>\n<meta name=\"twitter:label1\" content=\"Dur\u00e9e de lecture estim\u00e9e\" \/>\n\t<meta name=\"twitter:data1\" content=\"1 minute\" \/>\n<script type=\"application\/ld+json\" class=\"yoast-schema-graph\">{\"@context\":\"https:\/\/schema.org\",\"@graph\":[{\"@type\":\"WebPage\",\"@id\":\"https:\/\/l2fa.fr\/index.php\/discipline\/\",\"url\":\"https:\/\/l2fa.fr\/index.php\/discipline\/\",\"name\":\"Discipline &mdash; LFFA\",\"isPartOf\":{\"@id\":\"https:\/\/l2fa.fr\/#website\"},\"datePublished\":\"2022-04-01T11:23:56+00:00\",\"dateModified\":\"2022-05-23T09:57:03+00:00\",\"breadcrumb\":{\"@id\":\"https:\/\/l2fa.fr\/index.php\/discipline\/#breadcrumb\"},\"inLanguage\":\"fr-FR\",\"potentialAction\":[{\"@type\":\"ReadAction\",\"target\":[\"https:\/\/l2fa.fr\/index.php\/discipline\/\"]}]},{\"@type\":\"BreadcrumbList\",\"@id\":\"https:\/\/l2fa.fr\/index.php\/discipline\/#breadcrumb\",\"itemListElement\":[{\"@type\":\"ListItem\",\"position\":1,\"name\":\"Accueil\",\"item\":\"https:\/\/l2fa.fr\/\"},{\"@type\":\"ListItem\",\"position\":2,\"name\":\"Discipline\"}]},{\"@type\":\"WebSite\",\"@id\":\"https:\/\/l2fa.fr\/#website\",\"url\":\"https:\/\/l2fa.fr\/\",\"name\":\"LFFA\",\"description\":\"Site officiel de la Ligue Francilienne de Football Am\u00e9ricain, de Flag Football et de Cheerleading\",\"publisher\":{\"@id\":\"https:\/\/l2fa.fr\/#organization\"},\"potentialAction\":[{\"@type\":\"SearchAction\",\"target\":{\"@type\":\"EntryPoint\",\"urlTemplate\":\"https:\/\/l2fa.fr\/?s={search_term_string}\"},\"query-input\":\"required name=search_term_string\"}],\"inLanguage\":\"fr-FR\"},{\"@type\":\"Organization\",\"@id\":\"https:\/\/l2fa.fr\/#organization\",\"name\":\"l2fa\",\"url\":\"https:\/\/l2fa.fr\/\",\"logo\":{\"@type\":\"ImageObject\",\"inLanguage\":\"fr-FR\",\"@id\":\"https:\/\/l2fa.fr\/#\/schema\/logo\/image\/\",\"url\":\"http:\/\/l2fa.fr\/wp-content\/uploads\/2019\/05\/logo-LFFA_shadow-e1559319879386.png\",\"contentUrl\":\"http:\/\/l2fa.fr\/wp-content\/uploads\/2019\/05\/logo-LFFA_shadow-e1559319879386.png\",\"width\":500,\"height\":559,\"caption\":\"l2fa\"},\"image\":{\"@id\":\"https:\/\/l2fa.fr\/#\/schema\/logo\/image\/\"},\"sameAs\":[\"https:\/\/www.facebook.com\/ETR-LFFA-1671643706485112\/\"]}]}<\/script>\n<!-- \/ Yoast SEO plugin. -->","yoast_head_json":{"title":"Discipline &mdash; LFFA","robots":{"index":"index","follow":"follow","max-snippet":"max-snippet:-1","max-image-preview":"max-image-preview:large","max-video-preview":"max-video-preview:-1"},"canonical":"https:\/\/l2fa.fr\/index.php\/discipline\/","og_locale":"fr_FR","og_type":"article","og_title":"Discipline &mdash; LFFA","og_description":"D\u00e9cision commission de discipline du 22 Mars 2022 : Date du match Cat\u00e9gorie Equipe Qui est sanctionn\u00e9 Type d&rsquo;\u00e9venement Sanction 06 Mars 2022 Senior R\u00e9gional Black Phoenix Joueur Insultes et Coups 5 Matchs (jusqu&rsquo;au 21\/05\/22) + 2 sursis D\u00e9cision commission de discipline du 12 Mai 2022 : Date du match Cat\u00e9gorie Equipe Qui est sanctionn\u00e9 [&hellip;]","og_url":"https:\/\/l2fa.fr\/index.php\/discipline\/","og_site_name":"LFFA","article_publisher":"https:\/\/www.facebook.com\/ETR-LFFA-1671643706485112\/","article_modified_time":"2022-05-23T09:57:03+00:00","twitter_card":"summary_large_image","twitter_misc":{"Dur\u00e9e de lecture estim\u00e9e":"1 minute"},"schema":{"@context":"https:\/\/schema.org","@graph":[{"@type":"WebPage","@id":"https:\/\/l2fa.fr\/index.php\/discipline\/","url":"https:\/\/l2fa.fr\/index.php\/discipline\/","name":"Discipline &mdash; LFFA","isPartOf":{"@id":"https:\/\/l2fa.fr\/#website"},"datePublished":"2022-04-01T11:23:56+00:00","dateModified":"2022-05-23T09:57:03+00:00","breadcrumb":{"@id":"https:\/\/l2fa.fr\/index.php\/discipline\/#breadcrumb"},"inLanguage":"fr-FR","potentialAction":[{"@type":"ReadAction","target":["https:\/\/l2fa.fr\/index.php\/discipline\/"]}]},{"@type":"BreadcrumbList","@id":"https:\/\/l2fa.fr\/index.php\/discipline\/#breadcrumb","itemListElement":[{"@type":"ListItem","position":1,"name":"Accueil","item":"https:\/\/l2fa.fr\/"},{"@type":"ListItem","position":2,"name":"Discipline"}]},{"@type":"WebSite","@id":"https:\/\/l2fa.fr\/#website","url":"https:\/\/l2fa.fr\/","name":"LFFA","description":"Site officiel de la Ligue Francilienne de Football Am\u00e9ricain, de Flag Football et de Cheerleading","publisher":{"@id":"https:\/\/l2fa.fr\/#organization"},"potentialAction":[{"@type":"SearchAction","target":{"@type":"EntryPoint","urlTemplate":"https:\/\/l2fa.fr\/?s={search_term_string}"},"query-input":"required name=search_term_string"}],"inLanguage":"fr-FR"},{"@type":"Organization","@id":"https:\/\/l2fa.fr\/#organization","name":"l2fa","url":"https:\/\/l2fa.fr\/","logo":{"@type":"ImageObject","inLanguage":"fr-FR","@id":"https:\/\/l2fa.fr\/#\/schema\/logo\/image\/","url":"http:\/\/l2fa.fr\/wp-content\/uploads\/2019\/05\/logo-LFFA_shadow-e1559319879386.png","contentUrl":"http:\/\/l2fa.fr\/wp-content\/uploads\/2019\/05\/logo-LFFA_shadow-e1559319879386.png","width":500,"height":559,"caption":"l2fa"},"image":{"@id":"https:\/\/l2fa.fr\/#\/schema\/logo\/image\/"},"sameAs":["https:\/\/www.facebook.com\/ETR-LFFA-1671643706485112\/"]}]}},"_links":{"self":[{"href":"https:\/\/l2fa.fr\/index.php\/wp-json\/wp\/v2\/pages\/2436"}],"collection":[{"href":"https:\/\/l2fa.fr\/index.php\/wp-json\/wp\/v2\/pages"}],"about":[{"href":"https:\/\/l2fa.fr\/index.php\/wp-json\/wp\/v2\/types\/page"}],"author":[{"embeddable":true,"href":"https:\/\/l2fa.fr\/index.php\/wp-json\/wp\/v2\/users\/1"}],"replies":[{"embeddable":true,"href":"https:\/\/l2fa.fr\/index.php\/wp-json\/wp\/v2\/comments?post=2436"}],"version-history":[{"count":8,"href":"https:\/\/l2fa.fr\/index.php\/wp-json\/wp\/v2\/pages\/2436\/revisions"}],"predecessor-version":[{"id":2524,"href":"https:\/\/l2fa.fr\/index.php\/wp-json\/wp\/v2\/pages\/2436\/revisions\/2524"}],"wp:attachment":[{"href":"https:\/\/l2fa.fr\/index.php\/wp-json\/wp\/v2\/media?parent=2436"}],"curies":[{"name":"wp","href":"https:\/\/api.w.org\/{rel}","templated":true}]}}