{"id":1948,"date":"2021-10-26T16:03:19","date_gmt":"2021-10-26T14:03:19","guid":{"rendered":"http:\/\/l2fa.fr\/?page_id=1948"},"modified":"2023-01-20T15:47:13","modified_gmt":"2023-01-20T14:47:13","slug":"d1-22-23","status":"publish","type":"page","link":"https:\/\/l2fa.fr\/index.php\/d1-22-23\/","title":{"rendered":"Division 1 22\/23"},"content":{"rendered":"\n<div style=\"height:100px\" aria-hidden=\"true\" class=\"wp-block-spacer\"><\/div>\n\n\n\n<h1 class=\"has-text-align-center wp-block-heading\">Calendrier <\/h1>\n\n\n\n<p><\/p>\n\n\n\n<h2 class=\"wp-block-heading\">Weekend du 11\/12 Mars 2023 <\/h2>\n\n\n\n<p><strong>Journ\u00e9e 1 \u00e0 Fontenay sous Bois (M\u00e9t\u00e9ores) &#8211; ?h<\/strong><br>M\u00e9t\u00e9ores vs Molosses A:  &#8211; <br>Flash A vs Juggernautes A:  &#8211; <br>M\u00e9t\u00e9ores vs Juggernautes A:  &#8211; <br>Flash A vs Molosses A:  &#8211; <br>M\u00e9t\u00e9ores vs Flash A:  &#8211; <br>Molosses A vs Juggernautes A:  &#8211; <br><\/p>\n\n\n\n<p>Classement: 1.  () 2.  () 3.  () 4.  ()<\/p>\n\n\n\n<div style=\"height:100px\" aria-hidden=\"true\" class=\"wp-block-spacer\"><\/div>\n\n\n\n<h2 class=\"wp-block-heading\">Samedi 25 Mars 2023<\/h2>\n\n\n\n<p><strong>Journ\u00e9e 2 \u00e0 La Courneuve (Flash) \u00e0 15h<\/strong><br><mark style=\"background-color:rgba(0, 0, 0, 0)\" class=\"has-inline-color has-white-color\"><span style=\"font-size: revert; color: initial;\">M\u00e9t\u00e9ores vs Molosses A:  &#8211; <\/span><\/mark><br>Flash A vs Juggernautes A:  &#8211; <br>M\u00e9t\u00e9ores vs Juggernautes A:  &#8211; <br>Flash A vs Molosses A:  &#8211; <br>M\u00e9t\u00e9ores vs Flash A:  &#8211; <br>Molosses A vs Juggernautes A:  &#8211;<\/p>\n\n\n\n<p><\/p>\n\n\n\n<p>Classement: 1.  () 2.  () 3.  () 4.  ()<\/p>\n\n\n\n<div style=\"height:100px\" aria-hidden=\"true\" class=\"wp-block-spacer\"><\/div>\n\n\n\n<h2 class=\"wp-block-heading\">Weekend du 08\/09 Avril 2023<\/h2>\n\n\n\n<p><strong>Journ\u00e9e 3 \u00e0 () \u00e0 h<\/strong><br><span style=\"font-size: revert; color: initial;\">M\u00e9t\u00e9ores vs Molosses A:  &#8211; <\/span><br>Flash A vs Juggernautes A:  &#8211; <br>M\u00e9t\u00e9ores vs Juggernautes A:  &#8211; <br>Flash A vs Molosses A:  &#8211; <br>M\u00e9t\u00e9ores vs Flash A:  &#8211; <br>Molosses A vs Juggernautes A:  &#8211;<br><br>Classement: 1.  () 2.  () 3.  () 4.  ()<\/p>\n\n\n\n<div style=\"height:100px\" aria-hidden=\"true\" class=\"wp-block-spacer\"><\/div>\n\n\n\n<h2 class=\"wp-block-heading\">Weekend du 22\/23 Avril 2023<\/h2>\n\n\n\n<p><strong>Journ\u00e9e 4 \u00e0 () \u00e0 h<\/strong><br><span style=\"font-size: revert; color: initial;\">M\u00e9t\u00e9ores vs Molosses A:  &#8211; <\/span><br>Flash A vs Juggernautes A:  &#8211; <br>M\u00e9t\u00e9ores vs Juggernautes A:  &#8211; <br>Flash A vs Molosses A:  &#8211; <br>M\u00e9t\u00e9ores vs Flash A:  &#8211; <br>Molosses A vs Juggernautes A:  &#8211;<br><br>Classement: 1.  () 2.  () 3.  () 4.  ()<\/p>\n","protected":false},"excerpt":{"rendered":"<p>Calendrier Weekend du 11\/12 Mars 2023 Journ\u00e9e 1 \u00e0 Fontenay sous Bois (M\u00e9t\u00e9ores) &#8211; ?hM\u00e9t\u00e9ores vs Molosses A: &#8211; Flash A vs Juggernautes A: &#8211; M\u00e9t\u00e9ores vs Juggernautes A: &#8211; Flash A vs Molosses A: &#8211; M\u00e9t\u00e9ores vs Flash A: &#8211; Molosses A vs Juggernautes A: &#8211; Classement: 1. () 2. () 3. () 4. [&hellip;]<\/p>\n","protected":false},"author":1,"featured_media":0,"parent":0,"menu_order":0,"comment_status":"closed","ping_status":"closed","template":"","meta":{"footnotes":""},"yoast_head":"<!-- This site is optimized with the Yoast SEO plugin v20.1 - https:\/\/yoast.com\/wordpress\/plugins\/seo\/ -->\n<title>Division 1 22\/23 &mdash; LFFA<\/title>\n<meta name=\"robots\" content=\"index, follow, max-snippet:-1, max-image-preview:large, max-video-preview:-1\" \/>\n<link rel=\"canonical\" href=\"https:\/\/l2fa.fr\/index.php\/d1-22-23\/\" \/>\n<meta property=\"og:locale\" content=\"fr_FR\" \/>\n<meta property=\"og:type\" content=\"article\" \/>\n<meta property=\"og:title\" content=\"Division 1 22\/23 &mdash; LFFA\" \/>\n<meta property=\"og:description\" content=\"Calendrier Weekend du 11\/12 Mars 2023 Journ\u00e9e 1 \u00e0 Fontenay sous Bois (M\u00e9t\u00e9ores) &#8211; ?hM\u00e9t\u00e9ores vs Molosses A: &#8211; Flash A vs Juggernautes A: &#8211; M\u00e9t\u00e9ores vs Juggernautes A: &#8211; Flash A vs Molosses A: &#8211; M\u00e9t\u00e9ores vs Flash A: &#8211; Molosses A vs Juggernautes A: &#8211; Classement: 1. () 2. () 3. () 4. [&hellip;]\" \/>\n<meta property=\"og:url\" content=\"https:\/\/l2fa.fr\/index.php\/d1-22-23\/\" \/>\n<meta property=\"og:site_name\" content=\"LFFA\" \/>\n<meta property=\"article:publisher\" content=\"https:\/\/www.facebook.com\/ETR-LFFA-1671643706485112\/\" \/>\n<meta property=\"article:modified_time\" content=\"2023-01-20T14:47:13+00:00\" \/>\n<meta name=\"twitter:card\" content=\"summary_large_image\" \/>\n<meta name=\"twitter:label1\" content=\"Dur\u00e9e de lecture estim\u00e9e\" \/>\n\t<meta name=\"twitter:data1\" content=\"1 minute\" \/>\n<script type=\"application\/ld+json\" class=\"yoast-schema-graph\">{\"@context\":\"https:\/\/schema.org\",\"@graph\":[{\"@type\":\"WebPage\",\"@id\":\"https:\/\/l2fa.fr\/index.php\/d1-22-23\/\",\"url\":\"https:\/\/l2fa.fr\/index.php\/d1-22-23\/\",\"name\":\"Division 1 22\/23 &mdash; LFFA\",\"isPartOf\":{\"@id\":\"https:\/\/l2fa.fr\/#website\"},\"datePublished\":\"2021-10-26T14:03:19+00:00\",\"dateModified\":\"2023-01-20T14:47:13+00:00\",\"breadcrumb\":{\"@id\":\"https:\/\/l2fa.fr\/index.php\/d1-22-23\/#breadcrumb\"},\"inLanguage\":\"fr-FR\",\"potentialAction\":[{\"@type\":\"ReadAction\",\"target\":[\"https:\/\/l2fa.fr\/index.php\/d1-22-23\/\"]}]},{\"@type\":\"BreadcrumbList\",\"@id\":\"https:\/\/l2fa.fr\/index.php\/d1-22-23\/#breadcrumb\",\"itemListElement\":[{\"@type\":\"ListItem\",\"position\":1,\"name\":\"Accueil\",\"item\":\"https:\/\/l2fa.fr\/\"},{\"@type\":\"ListItem\",\"position\":2,\"name\":\"Division 1 22\/23\"}]},{\"@type\":\"WebSite\",\"@id\":\"https:\/\/l2fa.fr\/#website\",\"url\":\"https:\/\/l2fa.fr\/\",\"name\":\"LFFA\",\"description\":\"Site officiel de la Ligue Francilienne de Football Am\u00e9ricain, de Flag Football et de Cheerleading\",\"publisher\":{\"@id\":\"https:\/\/l2fa.fr\/#organization\"},\"potentialAction\":[{\"@type\":\"SearchAction\",\"target\":{\"@type\":\"EntryPoint\",\"urlTemplate\":\"https:\/\/l2fa.fr\/?s={search_term_string}\"},\"query-input\":\"required name=search_term_string\"}],\"inLanguage\":\"fr-FR\"},{\"@type\":\"Organization\",\"@id\":\"https:\/\/l2fa.fr\/#organization\",\"name\":\"l2fa\",\"url\":\"https:\/\/l2fa.fr\/\",\"logo\":{\"@type\":\"ImageObject\",\"inLanguage\":\"fr-FR\",\"@id\":\"https:\/\/l2fa.fr\/#\/schema\/logo\/image\/\",\"url\":\"http:\/\/l2fa.fr\/wp-content\/uploads\/2019\/05\/logo-LFFA_shadow-e1559319879386.png\",\"contentUrl\":\"http:\/\/l2fa.fr\/wp-content\/uploads\/2019\/05\/logo-LFFA_shadow-e1559319879386.png\",\"width\":500,\"height\":559,\"caption\":\"l2fa\"},\"image\":{\"@id\":\"https:\/\/l2fa.fr\/#\/schema\/logo\/image\/\"},\"sameAs\":[\"https:\/\/www.facebook.com\/ETR-LFFA-1671643706485112\/\"]}]}<\/script>\n<!-- \/ Yoast SEO plugin. -->","yoast_head_json":{"title":"Division 1 22\/23 &mdash; LFFA","robots":{"index":"index","follow":"follow","max-snippet":"max-snippet:-1","max-image-preview":"max-image-preview:large","max-video-preview":"max-video-preview:-1"},"canonical":"https:\/\/l2fa.fr\/index.php\/d1-22-23\/","og_locale":"fr_FR","og_type":"article","og_title":"Division 1 22\/23 &mdash; LFFA","og_description":"Calendrier Weekend du 11\/12 Mars 2023 Journ\u00e9e 1 \u00e0 Fontenay sous Bois (M\u00e9t\u00e9ores) &#8211; ?hM\u00e9t\u00e9ores vs Molosses A: &#8211; Flash A vs Juggernautes A: &#8211; M\u00e9t\u00e9ores vs Juggernautes A: &#8211; Flash A vs Molosses A: &#8211; M\u00e9t\u00e9ores vs Flash A: &#8211; Molosses A vs Juggernautes A: &#8211; Classement: 1. () 2. () 3. () 4. [&hellip;]","og_url":"https:\/\/l2fa.fr\/index.php\/d1-22-23\/","og_site_name":"LFFA","article_publisher":"https:\/\/www.facebook.com\/ETR-LFFA-1671643706485112\/","article_modified_time":"2023-01-20T14:47:13+00:00","twitter_card":"summary_large_image","twitter_misc":{"Dur\u00e9e de lecture estim\u00e9e":"1 minute"},"schema":{"@context":"https:\/\/schema.org","@graph":[{"@type":"WebPage","@id":"https:\/\/l2fa.fr\/index.php\/d1-22-23\/","url":"https:\/\/l2fa.fr\/index.php\/d1-22-23\/","name":"Division 1 22\/23 &mdash; LFFA","isPartOf":{"@id":"https:\/\/l2fa.fr\/#website"},"datePublished":"2021-10-26T14:03:19+00:00","dateModified":"2023-01-20T14:47:13+00:00","breadcrumb":{"@id":"https:\/\/l2fa.fr\/index.php\/d1-22-23\/#breadcrumb"},"inLanguage":"fr-FR","potentialAction":[{"@type":"ReadAction","target":["https:\/\/l2fa.fr\/index.php\/d1-22-23\/"]}]},{"@type":"BreadcrumbList","@id":"https:\/\/l2fa.fr\/index.php\/d1-22-23\/#breadcrumb","itemListElement":[{"@type":"ListItem","position":1,"name":"Accueil","item":"https:\/\/l2fa.fr\/"},{"@type":"ListItem","position":2,"name":"Division 1 22\/23"}]},{"@type":"WebSite","@id":"https:\/\/l2fa.fr\/#website","url":"https:\/\/l2fa.fr\/","name":"LFFA","description":"Site officiel de la Ligue Francilienne de Football Am\u00e9ricain, de Flag Football et de Cheerleading","publisher":{"@id":"https:\/\/l2fa.fr\/#organization"},"potentialAction":[{"@type":"SearchAction","target":{"@type":"EntryPoint","urlTemplate":"https:\/\/l2fa.fr\/?s={search_term_string}"},"query-input":"required name=search_term_string"}],"inLanguage":"fr-FR"},{"@type":"Organization","@id":"https:\/\/l2fa.fr\/#organization","name":"l2fa","url":"https:\/\/l2fa.fr\/","logo":{"@type":"ImageObject","inLanguage":"fr-FR","@id":"https:\/\/l2fa.fr\/#\/schema\/logo\/image\/","url":"http:\/\/l2fa.fr\/wp-content\/uploads\/2019\/05\/logo-LFFA_shadow-e1559319879386.png","contentUrl":"http:\/\/l2fa.fr\/wp-content\/uploads\/2019\/05\/logo-LFFA_shadow-e1559319879386.png","width":500,"height":559,"caption":"l2fa"},"image":{"@id":"https:\/\/l2fa.fr\/#\/schema\/logo\/image\/"},"sameAs":["https:\/\/www.facebook.com\/ETR-LFFA-1671643706485112\/"]}]}},"_links":{"self":[{"href":"https:\/\/l2fa.fr\/index.php\/wp-json\/wp\/v2\/pages\/1948"}],"collection":[{"href":"https:\/\/l2fa.fr\/index.php\/wp-json\/wp\/v2\/pages"}],"about":[{"href":"https:\/\/l2fa.fr\/index.php\/wp-json\/wp\/v2\/types\/page"}],"author":[{"embeddable":true,"href":"https:\/\/l2fa.fr\/index.php\/wp-json\/wp\/v2\/users\/1"}],"replies":[{"embeddable":true,"href":"https:\/\/l2fa.fr\/index.php\/wp-json\/wp\/v2\/comments?post=1948"}],"version-history":[{"count":30,"href":"https:\/\/l2fa.fr\/index.php\/wp-json\/wp\/v2\/pages\/1948\/revisions"}],"predecessor-version":[{"id":2869,"href":"https:\/\/l2fa.fr\/index.php\/wp-json\/wp\/v2\/pages\/1948\/revisions\/2869"}],"wp:attachment":[{"href":"https:\/\/l2fa.fr\/index.php\/wp-json\/wp\/v2\/media?parent=1948"}],"curies":[{"name":"wp","href":"https:\/\/api.w.org\/{rel}","templated":true}]}}